{"id":34100,"date":"2023-06-23T15:40:57","date_gmt":"2023-06-23T19:40:57","guid":{"rendered":"https:\/\/enureflex.ca\/secure\/fr\/?post_type=product&#038;p=34100"},"modified":"2025-11-18T10:35:45","modified_gmt":"2025-11-18T14:35:45","slug":"urine-alert-achat-uas002","status":"publish","type":"product","link":"https:\/\/enureflex.ca\/secure\/fr\/produit\/urine-alert-achat-uas002\/","title":{"rendered":"Urine-Alert  (Achat)"},"content":{"rendered":"<p>[et_pb_section fb_built=\u00a0\u00bb1&Prime; _builder_version=\u00a0\u00bb4.16&Prime; custom_padding=\u00a0\u00bb0px||||false|false\u00a0\u00bb da_disable_devices=\u00a0\u00bboff|off|off\u00a0\u00bb global_colors_info=\u00a0\u00bb{}\u00a0\u00bb da_is_popup=\u00a0\u00bboff\u00a0\u00bb da_exit_intent=\u00a0\u00bboff\u00a0\u00bb da_has_close=\u00a0\u00bbon\u00a0\u00bb da_alt_close=\u00a0\u00bboff\u00a0\u00bb da_dark_close=\u00a0\u00bboff\u00a0\u00bb da_not_modal=\u00a0\u00bbon\u00a0\u00bb da_is_singular=\u00a0\u00bboff\u00a0\u00bb da_with_loader=\u00a0\u00bboff\u00a0\u00bb da_has_shadow=\u00a0\u00bbon\u00a0\u00bb][et_pb_row _builder_version=\u00a0\u00bb4.16&Prime; background_size=\u00a0\u00bbinitial\u00a0\u00bb background_position=\u00a0\u00bbtop_left\u00a0\u00bb background_repeat=\u00a0\u00bbrepeat\u00a0\u00bb width=\u00a0\u00bb100%\u00a0\u00bb custom_padding=\u00a0\u00bb0px||0px||false|false\u00a0\u00bb global_colors_info=\u00a0\u00bb{}\u00a0\u00bb][et_pb_column type=\u00a0\u00bb4_4&Prime; _builder_version=\u00a0\u00bb4.16&Prime; custom_padding=\u00a0\u00bb|||\u00a0\u00bb global_colors_info=\u00a0\u00bb{}\u00a0\u00bb custom_padding__hover=\u00a0\u00bb|||\u00a0\u00bb][et_pb_wc_breadcrumb _builder_version=\u00a0\u00bb4.16&Prime; global_colors_info=\u00a0\u00bb{}\u00a0\u00bb][\/et_pb_wc_breadcrumb][et_pb_wc_cart_notice _builder_version=\u00a0\u00bb4.16&Prime; global_colors_info=\u00a0\u00bb{}\u00a0\u00bb][\/et_pb_wc_cart_notice][\/et_pb_column][\/et_pb_row][et_pb_row column_structure=\u00a0\u00bb1_2,1_2&Prime; _builder_version=\u00a0\u00bb4.16&Prime; background_size=\u00a0\u00bbinitial\u00a0\u00bb background_position=\u00a0\u00bbtop_left\u00a0\u00bb background_repeat=\u00a0\u00bbrepeat\u00a0\u00bb width=\u00a0\u00bb100%\u00a0\u00bb custom_padding=\u00a0\u00bb0px||||false|false\u00a0\u00bb global_colors_info=\u00a0\u00bb{}\u00a0\u00bb][et_pb_column type=\u00a0\u00bb1_2&Prime; _builder_version=\u00a0\u00bb4.16&Prime; custom_padding=\u00a0\u00bb|||\u00a0\u00bb global_colors_info=\u00a0\u00bb{}\u00a0\u00bb custom_padding__hover=\u00a0\u00bb|||\u00a0\u00bb][et_pb_wc_images _builder_version=\u00a0\u00bb4.16&Prime; global_colors_info=\u00a0\u00bb{}\u00a0\u00bb][\/et_pb_wc_images][\/et_pb_column][et_pb_column type=\u00a0\u00bb1_2&Prime; _builder_version=\u00a0\u00bb4.16&Prime; custom_padding=\u00a0\u00bb|||\u00a0\u00bb global_colors_info=\u00a0\u00bb{}\u00a0\u00bb custom_padding__hover=\u00a0\u00bb|||\u00a0\u00bb][et_pb_wc_title _builder_version=\u00a0\u00bb4.21.0&Prime; header_font=\u00a0\u00bb|600|||||||\u00a0\u00bb header_font_size=\u00a0\u00bb34px\u00a0\u00bb header_font_size_tablet=\u00a0\u00bb34px\u00a0\u00bb header_font_size_phone=\u00a0\u00bb30px\u00a0\u00bb header_font_size_last_edited=\u00a0\u00bbon|phone\u00a0\u00bb global_colors_info=\u00a0\u00bb{}\u00a0\u00bb][\/et_pb_wc_title][et_pb_wc_rating _builder_version=\u00a0\u00bb4.16&Prime; global_colors_info=\u00a0\u00bb{}\u00a0\u00bb][\/et_pb_wc_rating][et_pb_wc_price _builder_version=\u00a0\u00bb4.21.0&Prime; body_font=\u00a0\u00bb|600|||||||\u00a0\u00bb body_text_color=\u00a0\u00bb#0C71C3&Prime; body_font_size=\u00a0\u00bb36px\u00a0\u00bb custom_margin=\u00a0\u00bb||4px|||\u00a0\u00bb global_colors_info=\u00a0\u00bb{}\u00a0\u00bb][\/et_pb_wc_price][et_pb_wc_description _builder_version=\u00a0\u00bb4.21.0&Prime; body_font=\u00a0\u00bb|600|||||||\u00a0\u00bb body_font_size=\u00a0\u00bb16px\u00a0\u00bb header_5_font_size=\u00a0\u00bb14px\u00a0\u00bb header_5_line_height=\u00a0\u00bb1.1em\u00a0\u00bb custom_margin=\u00a0\u00bb15px|||||\u00a0\u00bb global_colors_info=\u00a0\u00bb{}\u00a0\u00bb][\/et_pb_wc_description][et_pb_wc_add_to_cart _builder_version=\u00a0\u00bb4.16&Prime; global_colors_info=\u00a0\u00bb{}\u00a0\u00bb][\/et_pb_wc_add_to_cart][et_pb_wc_meta _builder_version=\u00a0\u00bb4.16&Prime; global_colors_info=\u00a0\u00bb{}\u00a0\u00bb][\/et_pb_wc_meta][\/et_pb_column][\/et_pb_row][et_pb_row _builder_version=\u00a0\u00bb4.16&Prime; background_size=\u00a0\u00bbinitial\u00a0\u00bb background_position=\u00a0\u00bbtop_left\u00a0\u00bb background_repeat=\u00a0\u00bbrepeat\u00a0\u00bb width=\u00a0\u00bb100%\u00a0\u00bb global_colors_info=\u00a0\u00bb{}\u00a0\u00bb][et_pb_column type=\u00a0\u00bb4_4&Prime; _builder_version=\u00a0\u00bb4.16&Prime; custom_padding=\u00a0\u00bb|||\u00a0\u00bb global_colors_info=\u00a0\u00bb{}\u00a0\u00bb custom_padding__hover=\u00a0\u00bb|||\u00a0\u00bb][et_pb_wc_tabs _builder_version=\u00a0\u00bb4.16&Prime; global_colors_info=\u00a0\u00bb{}\u00a0\u00bb] [\/et_pb_wc_tabs][et_pb_wc_upsells _builder_version=\u00a0\u00bb4.16&Prime; global_colors_info=\u00a0\u00bb{}\u00a0\u00bb][\/et_pb_wc_upsells][et_pb_wc_related_products _builder_version=\u00a0\u00bb4.16&Prime; global_colors_info=\u00a0\u00bb{}\u00a0\u00bb][\/et_pb_wc_related_products][\/et_pb_column][\/et_pb_row][\/et_pb_section]<\/p>\n","protected":false},"excerpt":{"rendered":"<h5>PRODUIT NON-TAXABLE<\/h5>\n<ul>\n<li>Un r\u00e9cepteur (unit\u00e9 principale)<\/li>\n<li>Un transmetteur sans fil<\/li>\n<li>4 bandes de d\u00e9tection neuves<\/li>\n<li>Un vibreur sous le matelas<\/li>\n<li>Un adaptateur 12V<\/li>\n<\/ul>\n<p><a href=\"https:\/\/enureflex.ca\/secure\/fr\/produit\/bds12ua\/\" target=\"_blank\" rel=\"noopener\"><strong>+ OFFRE SP\u00c9CIALE: Ajouter des bandes additionnelles<\/strong><\/a><\/p>\n<p><strong>LIVRAISON GRATUITE<\/strong><br \/>\n<img decoding=\"async\" class=\"alignleft size-full wp-image-22072\" src=\"https:\/\/enureflex.ca\/secure\/fr\/wp-content\/uploads\/2017\/07\/cpc-main-logo.jpg\" alt=\"\" width=\"160\" height=\"40\" \/><\/p>\n<h6>Nous exp\u00e9dions habituellement le m\u00eame jour.<br \/>\nLivraison: 1 \u00e0 3 jours ouvrables selon votre r\u00e9gion.<\/h6>\n","protected":false},"featured_media":32750,"comment_status":"open","ping_status":"closed","template":"","meta":{"_et_pb_use_builder":"on","_et_pb_old_content":"<h2><strong>Syst\u00e8me Urine-Alert<\/strong><\/h2>\r\n<h3>ACHAT D'UN SYST\u00c8ME NEUF: $449.00<\/h3>\r\n<ul>\r\n \t<li>Non-taxable.<\/li>\r\n \t<li>Poste \/ Livraison gratuite<\/li>\r\n<\/ul>\r\n<img class=\"alignleft size-full wp-image-22072\" src=\"https:\/\/enureflex.ca\/secure\/fr\/wp-content\/uploads\/2017\/07\/cpc-main-logo.jpg\" alt=\"\" width=\"160\" height=\"40\" \/>\r\n<h4><strong>Un syst\u00e8me Urine-Alert complet comprenant:<\/strong><\/h4>\r\n<ul>\r\n \t<li>Un r\u00e9cepteur (unit\u00e9 principale).<\/li>\r\n \t<li>Un transmetteur sans fil ergonomique.<\/li>\r\n \t<li>4 bandes de d\u00e9tection neuves en flanelle lavables et confortables.<\/li>\r\n \t<li>Un vibreur \u00e0 placer sous le matelas ou l'oreiller.<\/li>\r\n \t<li>Un transformateur 12V.<\/li>\r\n \t<li>Livret d'instructions.<\/li>\r\n \t<li>Fiche de suivi (informatique remplissable \u00e0 l'\u00e9cran ou \u00e0 imprimer).<\/li>\r\n \t<li>Livraison gratuite par Postes Canada.<\/li>\r\n<\/ul>\r\n<strong>Suivi et Support au traitement: <\/strong>\u00a0 Suivi et support-conseils \u00e0 volont\u00e9. Un conseiller suivra le traitement avec vous et vous pouvez nous contacter au besoin.\r\n\r\n<strong><a href=\"https:\/\/enureflex.ca\/secure\/fr\/produit\/bds12ua\/\" target=\"_blank\" rel=\"noopener\">Sp\u00e9cial: 14$ pour 2 bandes de d\u00e9tection additionnelles<\/a><\/strong>\r\n\r\n<strong>Programme de r\u00e9cup\u00e9ration : <\/strong>\u00a0Ne jeter pas l'appareil lorsque vous aurez termin\u00e9. Renseignez-vous sur notre programme de r\u00e9cup\u00e9ration et recyclage.\r\n\r\n<strong>GARANTIE \u00c0 L'ACHAT -<\/strong>\u00a0 Une garantie compl\u00e8te de 1 an, pi\u00e8ces et main d\u2019oeuvre, \u00e0 compter de la date de la facture initiale. Seule les bandes de d\u00e9tection ont une garantie limit\u00e9e de 3 mois.","_et_gb_content_width":""},"product_brand":[],"product_cat":[171],"product_tag":[120,122,123,124,172],"class_list":{"0":"post-34100","1":"product","2":"type-product","3":"status-publish","4":"has-post-thumbnail","6":"product_cat-alarmes-enuresie","7":"product_tag-entrainement-a-la-proprete","8":"product_tag-enuresie-diurne","9":"product_tag-enuresie-nocturne","10":"product_tag-pipi-au-lit","11":"product_tag-traitement-de-lenuresie","12":"product_shipping_class-gratuit","14":"first","15":"instock","16":"shipping-taxable","17":"purchasable","18":"product-type-simple"},"_links":{"self":[{"href":"https:\/\/enureflex.ca\/secure\/fr\/wp-json\/wp\/v2\/product\/34100","targetHints":{"allow":["GET"]}}],"collection":[{"href":"https:\/\/enureflex.ca\/secure\/fr\/wp-json\/wp\/v2\/product"}],"about":[{"href":"https:\/\/enureflex.ca\/secure\/fr\/wp-json\/wp\/v2\/types\/product"}],"replies":[{"embeddable":true,"href":"https:\/\/enureflex.ca\/secure\/fr\/wp-json\/wp\/v2\/comments?post=34100"}],"wp:featuredmedia":[{"embeddable":true,"href":"https:\/\/enureflex.ca\/secure\/fr\/wp-json\/wp\/v2\/media\/32750"}],"wp:attachment":[{"href":"https:\/\/enureflex.ca\/secure\/fr\/wp-json\/wp\/v2\/media?parent=34100"}],"wp:term":[{"taxonomy":"product_brand","embeddable":true,"href":"https:\/\/enureflex.ca\/secure\/fr\/wp-json\/wp\/v2\/product_brand?post=34100"},{"taxonomy":"product_cat","embeddable":true,"href":"https:\/\/enureflex.ca\/secure\/fr\/wp-json\/wp\/v2\/product_cat?post=34100"},{"taxonomy":"product_tag","embeddable":true,"href":"https:\/\/enureflex.ca\/secure\/fr\/wp-json\/wp\/v2\/product_tag?post=34100"}],"curies":[{"name":"wp","href":"https:\/\/api.w.org\/{rel}","templated":true}]}}