{"id":24876,"date":"2019-07-30T10:57:05","date_gmt":"2019-07-30T14:57:05","guid":{"rendered":"https:\/\/enureflex.ca\/secure\/fr\/?post_type=product&#038;p=24876"},"modified":"2022-10-05T09:03:34","modified_gmt":"2022-10-05T13:03:34","slug":"suivi-et-support","status":"publish","type":"product","link":"https:\/\/enureflex.ca\/secure\/fr\/produit\/suivi-et-support\/","title":{"rendered":"Suivi et support"},"content":{"rendered":"<p>Vous avez fait l&rsquo;acquisition d&rsquo;un appareil usag\u00e9 ou un ami vous a pr\u00eat\u00e9 son appareil.<br \/>\nVous avez besoin d&rsquo;aide et de conseils pour l&rsquo;application de la m\u00e9thode de traitement ou pour l&rsquo;utilisation de votre appareil ?<br \/>\nNos conseillers peuvent vous aider.<br \/>\nLe suivi effectu\u00e9 par nos conseillers est tr\u00e8s souvent d\u00e9terminant dans la r\u00e9ussite du traitement de l\u2019\u00e9nur\u00e9sie. Il pourrait faire toute la diff\u00e9rence pour vous et votre enfant.<\/p>\n<p>Le support et suivi inclus<br \/>\n&#8211; Un conseiller de la Clinique Enureflex communiquera avec vous r\u00e9guli\u00e8rement aux 2 semaines pour v\u00e9rifier l&rsquo;\u00e9volution de traitement.<br \/>\n&#8211; Vous pouvez appeler au besoin entre nos appels, si vous avez besoin d&rsquo;aide ou de conseils.<br \/>\n&#8211; Vous recevrez \u00e9galement une charte de progr\u00e8s \u00e0 remplir avec votre enfant.<\/p>\n<p>NOTE: Le suivi et support est inclus avec la location ou l&rsquo;achat de tout appareil Urine-Alerte pour l&rsquo;utilisateur inscrit.<br \/>\nP\u00e9riode maximale de 3 mois.<\/p>\n","protected":false},"excerpt":{"rendered":"<p>Le support et suivi inclus (pour un utilisateur)<br \/>\n&#8211; Un conseiller de la Clinique Enureflex communiquera avec vous r\u00e9guli\u00e8rement aux 2 semaines pour v\u00e9rifier l&rsquo;\u00e9volution de traitement.<br \/>\n&#8211; Vous pouvez appeler au besoin entre nos appels, si vous avez besoin d&rsquo;aide ou de conseils.<br \/>\n&#8211; Vous recevrez \u00e9galement une charte de progr\u00e8s \u00e0 remplir avec votre enfant.<\/p>\n<p>NOTE: Si vous avez fait la location ou l&rsquo;achat de tout appareil Urine-Alerte ce service est d\u00e9j\u00e0 inclus et gratuit.<\/p>\n","protected":false},"featured_media":32819,"comment_status":"closed","ping_status":"closed","template":"","meta":{"_et_pb_use_builder":"","_et_pb_old_content":"","_et_gb_content_width":""},"product_brand":[],"product_cat":[151],"product_tag":[],"class_list":{"0":"post-24876","1":"product","2":"type-product","3":"status-publish","4":"has-post-thumbnail","6":"product_cat-support","8":"first","9":"instock","10":"virtual","11":"purchasable","12":"product-type-simple"},"_links":{"self":[{"href":"https:\/\/enureflex.ca\/secure\/fr\/wp-json\/wp\/v2\/product\/24876","targetHints":{"allow":["GET"]}}],"collection":[{"href":"https:\/\/enureflex.ca\/secure\/fr\/wp-json\/wp\/v2\/product"}],"about":[{"href":"https:\/\/enureflex.ca\/secure\/fr\/wp-json\/wp\/v2\/types\/product"}],"replies":[{"embeddable":true,"href":"https:\/\/enureflex.ca\/secure\/fr\/wp-json\/wp\/v2\/comments?post=24876"}],"wp:featuredmedia":[{"embeddable":true,"href":"https:\/\/enureflex.ca\/secure\/fr\/wp-json\/wp\/v2\/media\/32819"}],"wp:attachment":[{"href":"https:\/\/enureflex.ca\/secure\/fr\/wp-json\/wp\/v2\/media?parent=24876"}],"wp:term":[{"taxonomy":"product_brand","embeddable":true,"href":"https:\/\/enureflex.ca\/secure\/fr\/wp-json\/wp\/v2\/product_brand?post=24876"},{"taxonomy":"product_cat","embeddable":true,"href":"https:\/\/enureflex.ca\/secure\/fr\/wp-json\/wp\/v2\/product_cat?post=24876"},{"taxonomy":"product_tag","embeddable":true,"href":"https:\/\/enureflex.ca\/secure\/fr\/wp-json\/wp\/v2\/product_tag?post=24876"}],"curies":[{"name":"wp","href":"https:\/\/api.w.org\/{rel}","templated":true}]}}