{"id":10628,"date":"2019-04-23T08:34:14","date_gmt":"2019-04-23T12:34:14","guid":{"rendered":"https:\/\/enureflex.ca\/secure\/fr\/produit\/transmetteur-urine-alerte\/"},"modified":"2025-01-17T15:15:49","modified_gmt":"2025-01-17T19:15:49","slug":"transmetteur-urine-alerte","status":"publish","type":"product","link":"https:\/\/enureflex.ca\/secure\/fr\/produit\/transmetteur-urine-alerte\/","title":{"rendered":"Transmetteur"},"content":{"rendered":"<p>Transmetteur (\u00c9metteur) Urine-Alerte<\/p>\n<p>Forme ergonomique pour utilisation avec les appareils Urine-Alerte<\/p>\n<ul>\n<li>Petit<\/li>\n<li>Confortable<\/li>\n<li>Sans fil<\/li>\n<li>Fabrication robuste<\/li>\n<li>Reste bien en place<\/li>\n<\/ul>\n<p>N&rsquo;oubliez pas de mentionner le mod\u00e8le d\u00e9sir\u00e9 qui s&rsquo;agencera avec votre appareil existant.<\/p>\n<p>Vous trouverez le num\u00e9ro de mod\u00e8le sur votre facture initiale.\u00a0 Au besoin contactez-nous au 1-866-562-7007<\/p>\n<p>NOTE:\u00a0 Si aucun mod\u00e8le n&rsquo;est choisi, vous recevrez le mod\u00e8le par d\u00e9faut.<\/p>\n<p>&nbsp;<\/p>\n","protected":false},"excerpt":{"rendered":"<p>Transmetteur (\u00c9metteur) Urine-Alerte<\/p>\n<p>Forme ergonomique pour utilisation avec les appareils Urine-Alerte<\/p>\n<ul>\n<li>Petit<\/li>\n<li>Confortable<\/li>\n<li>Sans fil<\/li>\n<li>Fabrication robuste<\/li>\n<li>Reste bien en place<\/li>\n<\/ul>\n<p>N&rsquo;oubliez pas de mentionner le mod\u00e8le d\u00e9sir\u00e9 qui s&rsquo;agencera avec votre appareil existant.<br \/>\nVous trouverez le num\u00e9ro de mod\u00e8le sur votre facture initiale.\u00a0 Au besoin contactez-nous au 1-866-562-7007.<br \/>\nNOTE:\u00a0 Si aucun mod\u00e8le n&rsquo;est choisi, vous recevrez le mod\u00e8le par d\u00e9faut.<\/p>\n","protected":false},"featured_media":32818,"comment_status":"closed","ping_status":"closed","template":"","meta":{"_et_pb_use_builder":"","_et_pb_old_content":"","_et_gb_content_width":""},"product_brand":[],"product_cat":[145],"product_tag":[],"class_list":{"0":"post-10628","1":"product","2":"type-product","3":"status-publish","4":"has-post-thumbnail","6":"product_cat-ua-tx01","7":"product_shipping_class-acc-poste-xpress","9":"first","10":"instock","11":"shipping-taxable","12":"purchasable","13":"product-type-simple"},"_links":{"self":[{"href":"https:\/\/enureflex.ca\/secure\/fr\/wp-json\/wp\/v2\/product\/10628","targetHints":{"allow":["GET"]}}],"collection":[{"href":"https:\/\/enureflex.ca\/secure\/fr\/wp-json\/wp\/v2\/product"}],"about":[{"href":"https:\/\/enureflex.ca\/secure\/fr\/wp-json\/wp\/v2\/types\/product"}],"replies":[{"embeddable":true,"href":"https:\/\/enureflex.ca\/secure\/fr\/wp-json\/wp\/v2\/comments?post=10628"}],"wp:featuredmedia":[{"embeddable":true,"href":"https:\/\/enureflex.ca\/secure\/fr\/wp-json\/wp\/v2\/media\/32818"}],"wp:attachment":[{"href":"https:\/\/enureflex.ca\/secure\/fr\/wp-json\/wp\/v2\/media?parent=10628"}],"wp:term":[{"taxonomy":"product_brand","embeddable":true,"href":"https:\/\/enureflex.ca\/secure\/fr\/wp-json\/wp\/v2\/product_brand?post=10628"},{"taxonomy":"product_cat","embeddable":true,"href":"https:\/\/enureflex.ca\/secure\/fr\/wp-json\/wp\/v2\/product_cat?post=10628"},{"taxonomy":"product_tag","embeddable":true,"href":"https:\/\/enureflex.ca\/secure\/fr\/wp-json\/wp\/v2\/product_tag?post=10628"}],"curies":[{"name":"wp","href":"https:\/\/api.w.org\/{rel}","templated":true}]}}