{"id":5096,"date":"2013-06-25T06:17:15","date_gmt":"2013-06-25T10:17:15","guid":{"rendered":"https:\/\/enureflex.ca\/fr\/?page_id=5096"},"modified":"2023-06-25T13:26:57","modified_gmt":"2023-06-25T17:26:57","slug":"droits-dauteur","status":"publish","type":"page","link":"https:\/\/enureflex.ca\/fr\/sources-et-references\/droits-dauteur\/","title":{"rendered":"Droits d&rsquo;auteur"},"content":{"rendered":"<p>[et_pb_section fb_built=\u00a0\u00bb1&Prime; admin_label=\u00a0\u00bbsection\u00a0\u00bb _builder_version=\u00a0\u00bb4.16&Prime; custom_padding=\u00a0\u00bb15px|0px|63px|0px|false|false\u00a0\u00bb da_disable_devices=\u00a0\u00bboff|off|off\u00a0\u00bb global_colors_info=\u00a0\u00bb{}\u00a0\u00bb da_is_popup=\u00a0\u00bboff\u00a0\u00bb da_exit_intent=\u00a0\u00bboff\u00a0\u00bb da_has_close=\u00a0\u00bbon\u00a0\u00bb da_alt_close=\u00a0\u00bboff\u00a0\u00bb da_dark_close=\u00a0\u00bboff\u00a0\u00bb da_not_modal=\u00a0\u00bbon\u00a0\u00bb da_is_singular=\u00a0\u00bboff\u00a0\u00bb da_with_loader=\u00a0\u00bboff\u00a0\u00bb da_has_shadow=\u00a0\u00bbon\u00a0\u00bb][et_pb_row _builder_version=\u00a0\u00bb4.21.0&Prime; _module_preset=\u00a0\u00bbdefault\u00a0\u00bb global_colors_info=\u00a0\u00bb{}\u00a0\u00bb][et_pb_column type=\u00a0\u00bb4_4&Prime; _builder_version=\u00a0\u00bb4.21.0&Prime; _module_preset=\u00a0\u00bbdefault\u00a0\u00bb global_colors_info=\u00a0\u00bb{}\u00a0\u00bb][et_pb_text disabled_on=\u00a0\u00bboff|off|off\u00a0\u00bb _builder_version=\u00a0\u00bb4.21.0&Prime; text_font=\u00a0\u00bb||||||||\u00a0\u00bb text_font_size=\u00a0\u00bb18px\u00a0\u00bb text_line_height=\u00a0\u00bb1.5em\u00a0\u00bb link_font=\u00a0\u00bb||||||||\u00a0\u00bb link_text_color=\u00a0\u00bb#000000&Prime; link_font_size=\u00a0\u00bb18px\u00a0\u00bb header_font=\u00a0\u00bb|600|||||||\u00a0\u00bb header_text_align=\u00a0\u00bbcenter\u00a0\u00bb header_font_size=\u00a0\u00bb42px\u00a0\u00bb header_line_height=\u00a0\u00bb1.2em\u00a0\u00bb custom_margin=\u00a0\u00bb||20px||false|false\u00a0\u00bb custom_padding=\u00a0\u00bb||20px||false|false\u00a0\u00bb hover_enabled=\u00a0\u00bb0&Prime; header_font_size_tablet=\u00a0\u00bb36px\u00a0\u00bb header_font_size_phone=\u00a0\u00bb30px\u00a0\u00bb header_font_size_last_edited=\u00a0\u00bbon|phone\u00a0\u00bb header_text_shadow_style=\u00a0\u00bbpreset1&Prime; border_width_all=\u00a0\u00bb0px\u00a0\u00bb border_color_all=\u00a0\u00bb#E09900&Prime; border_width_bottom=\u00a0\u00bb1px\u00a0\u00bb global_colors_info=\u00a0\u00bb{}\u00a0\u00bb sticky_enabled=\u00a0\u00bb0&Prime;]<\/p>\n<h1>Reproduction et Droits d\u2019auteur<\/h1>\n<p>[\/et_pb_text][\/et_pb_column][\/et_pb_row][et_pb_row column_structure=\u00a0\u00bb1_4,3_4&Prime; use_custom_gutter=\u00a0\u00bbon\u00a0\u00bb gutter_width=\u00a0\u00bb2&Prime; _builder_version=\u00a0\u00bb4.16&Prime; custom_padding=\u00a0\u00bb19px|0px|10px|0px|false|false\u00a0\u00bb global_colors_info=\u00a0\u00bb{}\u00a0\u00bb][et_pb_column type=\u00a0\u00bb1_4&Prime; _builder_version=\u00a0\u00bb4.16&Prime; custom_padding=\u00a0\u00bb|||\u00a0\u00bb global_colors_info=\u00a0\u00bb{}\u00a0\u00bb custom_padding__hover=\u00a0\u00bb|||\u00a0\u00bb][et_pb_image src=\u00a0\u00bbhttps:\/\/enureflex.ca\/fr\/wp-content\/uploads\/2013\/06\/droits-auteur-300&#215;460.jpg\u00a0\u00bb align_tablet=\u00a0\u00bbcenter\u00a0\u00bb align_phone=\u00a0\u00bbcenter\u00a0\u00bb align_last_edited=\u00a0\u00bbon|desktop\u00a0\u00bb _builder_version=\u00a0\u00bb4.21.0&Prime; max_width=\u00a0\u00bb300px\u00a0\u00bb max_width_tablet=\u00a0\u00bb300px\u00a0\u00bb max_width_phone=\u00a0\u00bb260px\u00a0\u00bb max_width_last_edited=\u00a0\u00bbon|phone\u00a0\u00bb border_width_all=\u00a0\u00bb1px\u00a0\u00bb border_color_all=\u00a0\u00bb#e09900&Prime; global_colors_info=\u00a0\u00bb{}\u00a0\u00bb][\/et_pb_image][et_pb_text _builder_version=\u00a0\u00bb4.16&Prime; global_colors_info=\u00a0\u00bb{}\u00a0\u00bb]<\/p>\n<p>Bien comprendre l\u2019\u00e9nur\u00e9sie vous permet d\u2019agir plus efficacement.<\/p>\n<p>[\/et_pb_text][et_pb_divider color=\u00a0\u00bb#e09900&Prime; divider_weight=\u00a0\u00bb3px\u00a0\u00bb _builder_version=\u00a0\u00bb4.16&Prime; global_colors_info=\u00a0\u00bb{}\u00a0\u00bb][\/et_pb_divider][\/et_pb_column][et_pb_column type=\u00a0\u00bb3_4&Prime; _builder_version=\u00a0\u00bb4.16&Prime; custom_padding=\u00a0\u00bb|||\u00a0\u00bb global_colors_info=\u00a0\u00bb{}\u00a0\u00bb custom_padding__hover=\u00a0\u00bb|||\u00a0\u00bb][et_pb_text _builder_version=\u00a0\u00bb4.16&Prime; text_font=\u00a0\u00bb||||||||\u00a0\u00bb text_font_size=\u00a0\u00bb18px\u00a0\u00bb text_line_height=\u00a0\u00bb1.4em\u00a0\u00bb link_font=\u00a0\u00bb|600|||||||\u00a0\u00bb link_text_color=\u00a0\u00bb#000000&Prime; link_font_size=\u00a0\u00bb18px\u00a0\u00bb quote_font=\u00a0\u00bb||||||||\u00a0\u00bb header_font=\u00a0\u00bb||||||||\u00a0\u00bb header_2_font=\u00a0\u00bb||||||||\u00a0\u00bb header_2_line_height=\u00a0\u00bb1.3em\u00a0\u00bb text_font_size_tablet=\u00a0\u00bb\u00a0\u00bb text_font_size_phone=\u00a0\u00bb16px\u00a0\u00bb text_font_size_last_edited=\u00a0\u00bbon|phone\u00a0\u00bb header_2_font_size_tablet=\u00a0\u00bb\u00a0\u00bb header_2_font_size_phone=\u00a0\u00bb22px\u00a0\u00bb header_2_font_size_last_edited=\u00a0\u00bbon|phone\u00a0\u00bb global_colors_info=\u00a0\u00bb{}\u00a0\u00bb]<\/p>\n<p>\u00a9 2004 \u2013 Clinique Enureflex Tous droits r\u00e9serv\u00e9s<\/p>\n<p>Il est permis de faire des liens hypertextes vers les pages et documents du pr\u00e9sent site.<\/p>\n<p>Il est permis de consulter, d\u2019imprimer et de communiquer \u00e0 des fins purement informatives et non commerciales tout extrait du pr\u00e9sent site pourvu qu\u2019aucune modification n\u2019y soit apport\u00e9e et que la provenance, soit indiqu\u00e9e.<\/p>\n<p>Il est interdit de reproduire et de diffuser le contenu de Enureflex.com sur tout site Web.<\/p>\n<p>Toute autre utilisation, en tout ou en partie, de tout extrait de ce site est interdite et n\u00e9cessite le consentement pr\u00e9alable \u00e9crit de Clinique Enureflex.<\/p>\n<p>Tous les droits concernant le mat\u00e9riel graphique et multim\u00e9dia que l\u2019on retrouve dans le pr\u00e9sent site Web, incluant les photographies, illustrations et images appartiennent \u00e0 Clinique Enureflex ou aux propri\u00e9taires des droits d\u2019auteur en cause.<\/p>\n<p>Toute utilisation, reproduction ou impression en tout ou en partie de ce mat\u00e9riel est interdite, ind\u00e9pendamment de la nature de l\u2019utilisation, et n\u00e9cessite le consentement pr\u00e9alable \u00e9crit du propri\u00e9taire des droits d\u2019auteur en cause.<\/p>\n<p>Demandes et autorisations:<\/p>\n<p>Clinique Enureflex<\/p>\n<p>T\u00e9l\u00e9phone: 1-866-562-7007<br \/> ________________________________<\/p>\n<p><a title=\"Contact\" href=\"http:\/\/enureflex.ca\/fr\/contactez-clinique-enureflex\/\"><strong>Utilisez le formulaire\u00a0de la page contact pour nous joindre.<\/strong><\/a><\/p>\n<p>[\/et_pb_text][\/et_pb_column][\/et_pb_row][et_pb_row _builder_version=\u00a0\u00bb4.16&Prime; custom_padding=\u00a0\u00bb15px|0px|10px|0px|false|false\u00a0\u00bb global_colors_info=\u00a0\u00bb{}\u00a0\u00bb][et_pb_column type=\u00a0\u00bb4_4&Prime; _builder_version=\u00a0\u00bb4.16&Prime; custom_padding=\u00a0\u00bb|||\u00a0\u00bb global_colors_info=\u00a0\u00bb{}\u00a0\u00bb custom_padding__hover=\u00a0\u00bb|||\u00a0\u00bb][et_pb_divider color=\u00a0\u00bb#e09900&Prime; divider_position=\u00a0\u00bbcenter\u00a0\u00bb divider_weight=\u00a0\u00bb1px\u00a0\u00bb _builder_version=\u00a0\u00bb4.16&Prime; height=\u00a0\u00bb2px\u00a0\u00bb global_colors_info=\u00a0\u00bb{}\u00a0\u00bb][\/et_pb_divider][et_pb_text _builder_version=\u00a0\u00bb4.16&Prime; custom_margin=\u00a0\u00bb0px||0px\u00a0\u00bb global_colors_info=\u00a0\u00bb{}\u00a0\u00bb]<\/p>\n<li><a href=\"https:\/\/enureflex.ca\/fr\">Retour \u00e0 la page d\u2019accueil<\/a><\/li>\n<li><a href=\"https:\/\/enureflex.ca\/sources-and-references\/copyright-issues\/\">English version of this page<\/a><\/li>\n<p>[\/et_pb_text][et_pb_divider color=\u00a0\u00bbrgba(224,153,0,0.38)\u00a0\u00bb disabled_on=\u00a0\u00bboff|on|on\u00a0\u00bb _builder_version=\u00a0\u00bb4.16&Prime; height=\u00a0\u00bb2px\u00a0\u00bb global_colors_info=\u00a0\u00bb{}\u00a0\u00bb][\/et_pb_divider][\/et_pb_column][\/et_pb_row][\/et_pb_section]<\/p>\n","protected":false},"excerpt":{"rendered":"<p>Reproduction et Droits d\u2019auteurBien comprendre l\u2019\u00e9nur\u00e9sie vous permet d\u2019agir plus efficacement.\u00a9 2004 \u2013 Clinique Enureflex Tous droits r\u00e9serv\u00e9s Il est permis de faire des liens hypertextes vers les pages et documents du pr\u00e9sent site. Il est permis de consulter, d\u2019imprimer et de communiquer \u00e0 des fins purement informatives et non commerciales tout extrait du pr\u00e9sent [&hellip;]<\/p>\n","protected":false},"author":3,"featured_media":0,"parent":5038,"menu_order":4,"comment_status":"closed","ping_status":"closed","template":"","meta":{"_et_pb_use_builder":"on","_et_pb_old_content":"[fusion_builder_container hundred_percent=\"yes\" overflow=\"visible\"][fusion_builder_row][fusion_builder_column type=\"1_3\" layout=\"1_3\" last=\"no\" min_height=\"\" hover_type=\"none\" link=\"\" border_position=\"all\"][fusion_text]<img class=\"alignnone size-full wp-image-5111\" title=\"Reproduction et Droits d'auteur de Clinique Enureflex\" src=\"https:\/\/enureflex.ca\/fr\/wp-content\/uploads\/2013\/06\/droits-auteur-300x460.jpg\" alt=\"droits-auteur-300x460\" width=\"300\" height=\"460\" \/>[\/fusion_text][\/fusion_builder_column][fusion_builder_column type=\"2_3\" layout=\"2_3\" last=\"yes\" min_height=\"\" hover_type=\"none\" link=\"\" border_position=\"all\"][fusion_title margin_top=\"\" margin_bottom=\"\" hide_on_mobile=\"small-visibility,medium-visibility,large-visibility\" class=\"\" id=\"\" size=\"1\" content_align=\"left\" style_type=\"default\" sep_color=\"\"]Reproduction et Droits d'auteur[\/fusion_title][fusion_text]\r\n\r\n\u00a9 2004 \u2013 Clinique Enureflex Tous droits r\u00e9serv\u00e9s\r\n\r\nIl est permis de faire des liens hypertextes vers les pages et documents du pr\u00e9sent site.\r\n\r\nIl est permis de consulter, d\u2019imprimer et de communiquer \u00e0 des fins purement informatives et non commerciales tout extrait du pr\u00e9sent site pourvu qu\u2019aucune modification n\u2019y soit apport\u00e9e et que la provenance, par la mention \u00ab Source : http:\/\/www.enureflex.com , soit indiqu\u00e9e.\r\n\r\nIl est interdit de reproduire et de diffuser le contenu de Enureflex.com sur tout site Web.\r\n\r\nToute autre utilisation, en tout ou en partie, de tout extrait de ce site est interdite et n\u00e9cessite le consentement pr\u00e9alable \u00e9crit de Clinique Enureflex.\r\n\r\nTous les droits concernant le mat\u00e9riel graphique et multim\u00e9dia que l'on retrouve dans le pr\u00e9sent site Web, incluant les photographies, illustrations et images appartiennent \u00e0 Clinique Enureflex ou aux propri\u00e9taires des droits d'auteur en cause.\r\n\r\nToute utilisation, reproduction ou impression en tout ou en partie de ce mat\u00e9riel est interdite, ind\u00e9pendamment de la nature de l'utilisation, et n\u00e9cessite le consentement pr\u00e9alable \u00e9crit du propri\u00e9taire des droits d'auteur en cause.\r\n\r\nDemandes et autorisations:\r\n\r\nClinique Enureflex\r\n\r\nT\u00e9l\u00e9phone: 1-866-562-7007\r\n________________________________\r\n\r\n<a title=\"Contact\" href=\"https:\/\/enureflex.ca\/fr\/contactez-clinique-enureflex\/\"><strong>Utilisez le formulaire\u00a0de la page contact pour nous joindre.<\/strong><\/a>\r\n\r\n[\/fusion_text][\/fusion_builder_column][\/fusion_builder_row][\/fusion_builder_container]","_et_gb_content_width":"","footnotes":""},"class_list":["post-5096","page","type-page","status-publish","hentry"],"_links":{"self":[{"href":"https:\/\/enureflex.ca\/fr\/wp-json\/wp\/v2\/pages\/5096","targetHints":{"allow":["GET"]}}],"collection":[{"href":"https:\/\/enureflex.ca\/fr\/wp-json\/wp\/v2\/pages"}],"about":[{"href":"https:\/\/enureflex.ca\/fr\/wp-json\/wp\/v2\/types\/page"}],"author":[{"embeddable":true,"href":"https:\/\/enureflex.ca\/fr\/wp-json\/wp\/v2\/users\/3"}],"replies":[{"embeddable":true,"href":"https:\/\/enureflex.ca\/fr\/wp-json\/wp\/v2\/comments?post=5096"}],"version-history":[{"count":4,"href":"https:\/\/enureflex.ca\/fr\/wp-json\/wp\/v2\/pages\/5096\/revisions"}],"predecessor-version":[{"id":17171,"href":"https:\/\/enureflex.ca\/fr\/wp-json\/wp\/v2\/pages\/5096\/revisions\/17171"}],"up":[{"embeddable":true,"href":"https:\/\/enureflex.ca\/fr\/wp-json\/wp\/v2\/pages\/5038"}],"wp:attachment":[{"href":"https:\/\/enureflex.ca\/fr\/wp-json\/wp\/v2\/media?parent=5096"}],"curies":[{"name":"wp","href":"https:\/\/api.w.org\/{rel}","templated":true}]}}