{"id":5092,"date":"2013-06-25T06:13:28","date_gmt":"2013-06-25T10:13:28","guid":{"rendered":"https:\/\/enureflex.ca\/fr\/?page_id=5092"},"modified":"2023-06-25T13:27:45","modified_gmt":"2023-06-25T17:27:45","slug":"responsabilites","status":"publish","type":"page","link":"https:\/\/enureflex.ca\/fr\/sources-et-references\/responsabilites\/","title":{"rendered":"Responsabilit\u00e9s"},"content":{"rendered":"<p>[et_pb_section fb_built=\u00a0\u00bb1&Prime; admin_label=\u00a0\u00bbsection\u00a0\u00bb _builder_version=\u00a0\u00bb4.16&Prime; custom_padding=\u00a0\u00bb15px|0px|63px|0px|false|false\u00a0\u00bb da_disable_devices=\u00a0\u00bboff|off|off\u00a0\u00bb global_colors_info=\u00a0\u00bb{}\u00a0\u00bb da_is_popup=\u00a0\u00bboff\u00a0\u00bb da_exit_intent=\u00a0\u00bboff\u00a0\u00bb da_has_close=\u00a0\u00bbon\u00a0\u00bb da_alt_close=\u00a0\u00bboff\u00a0\u00bb da_dark_close=\u00a0\u00bboff\u00a0\u00bb da_not_modal=\u00a0\u00bbon\u00a0\u00bb da_is_singular=\u00a0\u00bboff\u00a0\u00bb da_with_loader=\u00a0\u00bboff\u00a0\u00bb da_has_shadow=\u00a0\u00bbon\u00a0\u00bb][et_pb_row _builder_version=\u00a0\u00bb4.21.0&Prime; _module_preset=\u00a0\u00bbdefault\u00a0\u00bb global_colors_info=\u00a0\u00bb{}\u00a0\u00bb][et_pb_column type=\u00a0\u00bb4_4&Prime; _builder_version=\u00a0\u00bb4.21.0&Prime; _module_preset=\u00a0\u00bbdefault\u00a0\u00bb global_colors_info=\u00a0\u00bb{}\u00a0\u00bb][et_pb_text disabled_on=\u00a0\u00bboff|off|off\u00a0\u00bb _builder_version=\u00a0\u00bb4.21.0&Prime; text_font=\u00a0\u00bb||||||||\u00a0\u00bb text_font_size=\u00a0\u00bb18px\u00a0\u00bb text_line_height=\u00a0\u00bb1.5em\u00a0\u00bb link_font=\u00a0\u00bb||||||||\u00a0\u00bb link_text_color=\u00a0\u00bb#000000&Prime; link_font_size=\u00a0\u00bb18px\u00a0\u00bb header_font=\u00a0\u00bb|600|||||||\u00a0\u00bb header_text_align=\u00a0\u00bbcenter\u00a0\u00bb header_font_size=\u00a0\u00bb42px\u00a0\u00bb header_line_height=\u00a0\u00bb1.2em\u00a0\u00bb custom_margin=\u00a0\u00bb||20px||false|false\u00a0\u00bb custom_padding=\u00a0\u00bb20px||20px||false|false\u00a0\u00bb hover_enabled=\u00a0\u00bb0&Prime; header_font_size_tablet=\u00a0\u00bb36px\u00a0\u00bb header_font_size_phone=\u00a0\u00bb32px\u00a0\u00bb header_font_size_last_edited=\u00a0\u00bbon|phone\u00a0\u00bb header_text_shadow_style=\u00a0\u00bbpreset1&Prime; border_width_bottom=\u00a0\u00bb1px\u00a0\u00bb border_color_bottom=\u00a0\u00bb#E09900&Prime; global_colors_info=\u00a0\u00bb{}\u00a0\u00bb sticky_enabled=\u00a0\u00bb0&Prime;]<\/p>\n<h1>Responsabilit\u00e9s<\/h1>\n<p>[\/et_pb_text][\/et_pb_column][\/et_pb_row][et_pb_row column_structure=\u00a0\u00bb1_4,3_4&Prime; use_custom_gutter=\u00a0\u00bbon\u00a0\u00bb gutter_width=\u00a0\u00bb2&Prime; _builder_version=\u00a0\u00bb4.16&Prime; custom_padding=\u00a0\u00bb19px|0px|31px|0px|false|false\u00a0\u00bb global_colors_info=\u00a0\u00bb{}\u00a0\u00bb][et_pb_column type=\u00a0\u00bb1_4&Prime; _builder_version=\u00a0\u00bb4.16&Prime; custom_padding=\u00a0\u00bb|||\u00a0\u00bb global_colors_info=\u00a0\u00bb{}\u00a0\u00bb custom_padding__hover=\u00a0\u00bb|||\u00a0\u00bb][et_pb_image src=\u00a0\u00bbhttps:\/\/enureflex.ca\/fr\/wp-content\/uploads\/2013\/06\/responsabilites-300&#215;447.jpg\u00a0\u00bb align_tablet=\u00a0\u00bbcenter\u00a0\u00bb align_phone=\u00a0\u00bbcenter\u00a0\u00bb align_last_edited=\u00a0\u00bbon|desktop\u00a0\u00bb _builder_version=\u00a0\u00bb4.21.0&Prime; max_width=\u00a0\u00bb100%\u00a0\u00bb max_width_tablet=\u00a0\u00bb100%\u00a0\u00bb max_width_phone=\u00a0\u00bb240px\u00a0\u00bb max_width_last_edited=\u00a0\u00bbon|phone\u00a0\u00bb border_width_all=\u00a0\u00bb1px\u00a0\u00bb border_color_all=\u00a0\u00bb#e09900&Prime; global_colors_info=\u00a0\u00bb{}\u00a0\u00bb][\/et_pb_image][\/et_pb_column][et_pb_column type=\u00a0\u00bb3_4&Prime; _builder_version=\u00a0\u00bb4.16&Prime; custom_padding=\u00a0\u00bb|||\u00a0\u00bb global_colors_info=\u00a0\u00bb{}\u00a0\u00bb custom_padding__hover=\u00a0\u00bb|||\u00a0\u00bb][et_pb_text _builder_version=\u00a0\u00bb4.16&Prime; text_font=\u00a0\u00bb||||||||\u00a0\u00bb text_font_size=\u00a0\u00bb18px\u00a0\u00bb text_line_height=\u00a0\u00bb1.4em\u00a0\u00bb link_font=\u00a0\u00bb|600|||||||\u00a0\u00bb link_text_color=\u00a0\u00bb#000000&Prime; link_font_size=\u00a0\u00bb18px\u00a0\u00bb quote_font=\u00a0\u00bb||||||||\u00a0\u00bb header_font=\u00a0\u00bb||||||||\u00a0\u00bb header_2_font=\u00a0\u00bb||||||||\u00a0\u00bb header_2_line_height=\u00a0\u00bb1.3em\u00a0\u00bb text_font_size_tablet=\u00a0\u00bb\u00a0\u00bb text_font_size_phone=\u00a0\u00bb16px\u00a0\u00bb text_font_size_last_edited=\u00a0\u00bbon|phone\u00a0\u00bb header_2_font_size_tablet=\u00a0\u00bb\u00a0\u00bb header_2_font_size_phone=\u00a0\u00bb22px\u00a0\u00bb header_2_font_size_last_edited=\u00a0\u00bbon|phone\u00a0\u00bb global_colors_info=\u00a0\u00bb{}\u00a0\u00bb]Les points de vue, commentaires et autres renseignements diffus\u00e9s sur le site internet de Enureflex ont pour seul but de fournir de l\u2019information aux visiteurs du site.<\/p>\n<p>D\u2019aucune mani\u00e8re, ces points de vue, commentaires et renseignements ne constituent une recommandation de traitement (pr\u00e9ventif ou curatif), une ordonnance ou un diagnostic ni ne doivent \u00eatre consid\u00e9r\u00e9s comme tels.<\/p>\n<p>En cas de malaise, d\u2019infection ou de maladie, consultez d\u2019abord un m\u00e9decin ou un professionnel de la sant\u00e9 en mesure d\u2019\u00e9valuer ad\u00e9quatement votre \u00e9tat de sant\u00e9.<\/p>\n<p>Bien que Clinique Enureflex proc\u00e8de avec prudence et diligence concernant l\u2019exactitude des renseignements rendus disponibles sur son site internet.<\/p>\n<p>Clinique Enureflex, ses employ\u00e9s, dirigeants et administrateurs n\u2019assument aucune responsabilit\u00e9 quant aux cons\u00e9quences que pourrait avoir l\u2019utilisation de ces renseignements.<\/p>\n<p>Clinique Enureflex<\/p>\n<p>T\u00e9l\u00e9phone: 1-866-562-7007[\/et_pb_text][\/et_pb_column][\/et_pb_row][et_pb_row _builder_version=\u00a0\u00bb4.16&Prime; custom_padding=\u00a0\u00bb31px|0px|10px|0px|false|false\u00a0\u00bb global_colors_info=\u00a0\u00bb{}\u00a0\u00bb][et_pb_column type=\u00a0\u00bb4_4&Prime; _builder_version=\u00a0\u00bb4.16&Prime; custom_padding=\u00a0\u00bb|||\u00a0\u00bb global_colors_info=\u00a0\u00bb{}\u00a0\u00bb custom_padding__hover=\u00a0\u00bb|||\u00a0\u00bb][et_pb_divider color=\u00a0\u00bb#e09900&Prime; divider_weight=\u00a0\u00bb1px\u00a0\u00bb _builder_version=\u00a0\u00bb4.16&Prime; global_colors_info=\u00a0\u00bb{}\u00a0\u00bb][\/et_pb_divider][et_pb_text _builder_version=\u00a0\u00bb4.16&Prime; global_colors_info=\u00a0\u00bb{}\u00a0\u00bb]<\/p>\n<div class=\"fusion-text\">\n<ul>\n<li><a href=\"https:\/\/enureflex.ca\/fr\">Retour \u00e0 la page d\u2019accueil<\/a><\/li>\n<li><a href=\"https:\/\/enureflex.ca\/sources-and-references\/responsibilities\/\">English version of this page<\/a><\/li>\n<\/ul>\n<\/div>\n<p>[\/et_pb_text][et_pb_divider color=\u00a0\u00bbrgba(224,153,0,0.38)\u00a0\u00bb disabled_on=\u00a0\u00bboff|on|on\u00a0\u00bb _builder_version=\u00a0\u00bb4.16&Prime; height=\u00a0\u00bb2px\u00a0\u00bb global_colors_info=\u00a0\u00bb{}\u00a0\u00bb][\/et_pb_divider][\/et_pb_column][\/et_pb_row][\/et_pb_section]<\/p>\n","protected":false},"excerpt":{"rendered":"<p>Responsabilit\u00e9sLes points de vue, commentaires et autres renseignements diffus\u00e9s sur le site internet de Enureflex ont pour seul but de fournir de l\u2019information aux visiteurs du site. D\u2019aucune mani\u00e8re, ces points de vue, commentaires et renseignements ne constituent une recommandation de traitement (pr\u00e9ventif ou curatif), une ordonnance ou un diagnostic ni ne doivent \u00eatre consid\u00e9r\u00e9s [&hellip;]<\/p>\n","protected":false},"author":3,"featured_media":0,"parent":5038,"menu_order":3,"comment_status":"closed","ping_status":"closed","template":"","meta":{"_et_pb_use_builder":"on","_et_pb_old_content":"[fusion_builder_container hundred_percent=\"no\" equal_height_columns=\"no\" menu_anchor=\"\" hide_on_mobile=\"small-visibility,medium-visibility,large-visibility\" class=\"\" id=\"\" background_color=\"\" background_image=\"\" background_position=\"center center\" background_repeat=\"no-repeat\" fade=\"no\" background_parallax=\"none\" enable_mobile=\"no\" parallax_speed=\"0.3\" video_mp4=\"\" video_webm=\"\" video_ogv=\"\" video_url=\"\" video_aspect_ratio=\"16:9\" video_loop=\"yes\" video_mute=\"yes\" video_preview_image=\"\" border_size=\"\" border_color=\"\" border_style=\"solid\" margin_top=\"\" margin_bottom=\"\" padding_top=\"\" padding_right=\"\" padding_bottom=\"\" padding_left=\"\"][fusion_builder_row][fusion_builder_column type=\"1_3\" layout=\"1_3\" spacing=\"\" center_content=\"no\" hover_type=\"none\" link=\"\" min_height=\"\" hide_on_mobile=\"small-visibility,medium-visibility,large-visibility\" class=\"\" id=\"\" background_color=\"\" background_image=\"\" background_position=\"left top\" background_repeat=\"no-repeat\" border_size=\"0\" border_color=\"\" border_style=\"solid\" border_position=\"all\" padding=\"\" dimension_margin=\"\" animation_type=\"\" animation_direction=\"left\" animation_speed=\"0.3\" animation_offset=\"\" last=\"no\"][fusion_imageframe image_id=\"5112\" style_type=\"none\" stylecolor=\"\" hover_type=\"none\" bordersize=\"\" bordercolor=\"\" borderradius=\"\" align=\"none\" lightbox=\"no\" gallery_id=\"\" lightbox_image=\"\" alt=\"\" link=\"\" linktarget=\"_self\" hide_on_mobile=\"small-visibility,medium-visibility,large-visibility\" class=\"\" id=\"\" animation_type=\"\" animation_direction=\"left\" animation_speed=\"0.3\" animation_offset=\"\"]https:\/\/enureflex.ca\/fr\/wp-content\/uploads\/2013\/06\/responsabilites-300x447.jpg[\/fusion_imageframe][\/fusion_builder_column][fusion_builder_column type=\"2_3\" layout=\"2_3\" spacing=\"\" center_content=\"no\" hover_type=\"none\" link=\"\" min_height=\"\" hide_on_mobile=\"small-visibility,medium-visibility,large-visibility\" class=\"\" id=\"\" background_color=\"\" background_image=\"\" background_position=\"left top\" background_repeat=\"no-repeat\" border_size=\"0\" border_color=\"\" border_style=\"solid\" border_position=\"all\" padding=\"\" dimension_margin=\"\" animation_type=\"\" animation_direction=\"left\" animation_speed=\"0.3\" animation_offset=\"\" last=\"no\"][fusion_title margin_top=\"\" margin_bottom=\"\" hide_on_mobile=\"small-visibility,medium-visibility,large-visibility\" class=\"\" id=\"\" size=\"1\" content_align=\"left\" style_type=\"default\" sep_color=\"\"]\r\n\r\nResponsabilit\u00e9s\r\n\r\n[\/fusion_title][fusion_text]Les points de vue, commentaires et autres renseignements diffus\u00e9s sur le site internet de Enureflex ont pour seul but de fournir de l\u2019information aux visiteurs du site.\r\n\r\nD\u2019aucune mani\u00e8re, ces points de vue, commentaires et renseignements ne constituent une recommandation de traitement (pr\u00e9ventif ou curatif), une ordonnance ou un diagnostic ni ne doivent \u00eatre consid\u00e9r\u00e9s comme tels.\r\n\r\nEn cas de malaise, d'infection ou de maladie, consultez d\u2019abord un m\u00e9decin ou un professionnel de la sant\u00e9 en mesure d\u2019\u00e9valuer ad\u00e9quatement votre \u00e9tat de sant\u00e9.\r\n\r\nBien que Clinique Enureflex proc\u00e8de avec prudence et diligence concernant l\u2019exactitude des renseignements rendus disponibles sur son site internet.\r\n\r\nClinique Enureflex, ses employ\u00e9s, dirigeants et administrateurs n\u2019assument aucune responsabilit\u00e9 quant aux cons\u00e9quences que pourrait avoir l\u2019utilisation de ces renseignements.\r\n\r\nClinique Enureflex\r\n\r\nT\u00e9l\u00e9phone: 1-866-562-7007[\/fusion_text][\/fusion_builder_column][\/fusion_builder_row][\/fusion_builder_container]","_et_gb_content_width":"","footnotes":""},"class_list":["post-5092","page","type-page","status-publish","hentry"],"_links":{"self":[{"href":"https:\/\/enureflex.ca\/fr\/wp-json\/wp\/v2\/pages\/5092","targetHints":{"allow":["GET"]}}],"collection":[{"href":"https:\/\/enureflex.ca\/fr\/wp-json\/wp\/v2\/pages"}],"about":[{"href":"https:\/\/enureflex.ca\/fr\/wp-json\/wp\/v2\/types\/page"}],"author":[{"embeddable":true,"href":"https:\/\/enureflex.ca\/fr\/wp-json\/wp\/v2\/users\/3"}],"replies":[{"embeddable":true,"href":"https:\/\/enureflex.ca\/fr\/wp-json\/wp\/v2\/comments?post=5092"}],"version-history":[{"count":3,"href":"https:\/\/enureflex.ca\/fr\/wp-json\/wp\/v2\/pages\/5092\/revisions"}],"predecessor-version":[{"id":17173,"href":"https:\/\/enureflex.ca\/fr\/wp-json\/wp\/v2\/pages\/5092\/revisions\/17173"}],"up":[{"embeddable":true,"href":"https:\/\/enureflex.ca\/fr\/wp-json\/wp\/v2\/pages\/5038"}],"wp:attachment":[{"href":"https:\/\/enureflex.ca\/fr\/wp-json\/wp\/v2\/media?parent=5092"}],"curies":[{"name":"wp","href":"https:\/\/api.w.org\/{rel}","templated":true}]}}