{"id":5038,"date":"2013-06-21T05:29:51","date_gmt":"2013-06-21T09:29:51","guid":{"rendered":"https:\/\/enureflex.ca\/fr\/?page_id=5038"},"modified":"2023-06-25T13:28:49","modified_gmt":"2023-06-25T17:28:49","slug":"sources-et-references","status":"publish","type":"page","link":"https:\/\/enureflex.ca\/fr\/sources-et-references\/","title":{"rendered":"Sources et r\u00e9f\u00e9rences sur l\u2019\u00e9nur\u00e9sie \u00ab Pipi au lit \u00bb"},"content":{"rendered":"<p>[et_pb_section fb_built=\u00a0\u00bb1&Prime; admin_label=\u00a0\u00bbsection\u00a0\u00bb _builder_version=\u00a0\u00bb4.16&Prime; custom_padding=\u00a0\u00bb27px|0px|63px|0px|false|false\u00a0\u00bb da_disable_devices=\u00a0\u00bboff|off|off\u00a0\u00bb global_colors_info=\u00a0\u00bb{}\u00a0\u00bb da_is_popup=\u00a0\u00bboff\u00a0\u00bb da_exit_intent=\u00a0\u00bboff\u00a0\u00bb da_has_close=\u00a0\u00bbon\u00a0\u00bb da_alt_close=\u00a0\u00bboff\u00a0\u00bb da_dark_close=\u00a0\u00bboff\u00a0\u00bb da_not_modal=\u00a0\u00bbon\u00a0\u00bb da_is_singular=\u00a0\u00bboff\u00a0\u00bb da_with_loader=\u00a0\u00bboff\u00a0\u00bb da_has_shadow=\u00a0\u00bbon\u00a0\u00bb][et_pb_row _builder_version=\u00a0\u00bb4.21.0&Prime; _module_preset=\u00a0\u00bbdefault\u00a0\u00bb global_colors_info=\u00a0\u00bb{}\u00a0\u00bb][et_pb_column type=\u00a0\u00bb4_4&Prime; _builder_version=\u00a0\u00bb4.21.0&Prime; _module_preset=\u00a0\u00bbdefault\u00a0\u00bb global_colors_info=\u00a0\u00bb{}\u00a0\u00bb][et_pb_text disabled_on=\u00a0\u00bboff|off|off\u00a0\u00bb _builder_version=\u00a0\u00bb4.21.0&Prime; text_font=\u00a0\u00bb||||||||\u00a0\u00bb text_font_size=\u00a0\u00bb18px\u00a0\u00bb text_line_height=\u00a0\u00bb1.5em\u00a0\u00bb link_font=\u00a0\u00bb||||||||\u00a0\u00bb link_text_color=\u00a0\u00bb#000000&Prime; link_font_size=\u00a0\u00bb18px\u00a0\u00bb header_font=\u00a0\u00bb|600|||||||\u00a0\u00bb header_text_align=\u00a0\u00bbcenter\u00a0\u00bb header_font_size=\u00a0\u00bb42px\u00a0\u00bb header_line_height=\u00a0\u00bb1.3em\u00a0\u00bb header_2_font=\u00a0\u00bb||||||||\u00a0\u00bb custom_margin=\u00a0\u00bb||20px||false|false\u00a0\u00bb custom_padding=\u00a0\u00bb||20px||false|false\u00a0\u00bb header_font_size_tablet=\u00a0\u00bb36px\u00a0\u00bb header_font_size_phone=\u00a0\u00bb32px\u00a0\u00bb header_font_size_last_edited=\u00a0\u00bbon|desktop\u00a0\u00bb header_text_shadow_style=\u00a0\u00bbpreset1&Prime; border_width_bottom=\u00a0\u00bb1px\u00a0\u00bb border_color_bottom=\u00a0\u00bb#E09900&Prime; global_colors_info=\u00a0\u00bb{}\u00a0\u00bb]<\/p>\n<h1>Sources et r\u00e9f\u00e9rences<\/h1>\n<p>[\/et_pb_text][\/et_pb_column][\/et_pb_row][et_pb_row column_structure=\u00a0\u00bb1_4,3_4&Prime; use_custom_gutter=\u00a0\u00bbon\u00a0\u00bb gutter_width=\u00a0\u00bb2&Prime; _builder_version=\u00a0\u00bb4.21.0&Prime; custom_padding=\u00a0\u00bb20px|0px|20px|0px|false|false\u00a0\u00bb global_colors_info=\u00a0\u00bb{}\u00a0\u00bb][et_pb_column type=\u00a0\u00bb1_4&Prime; _builder_version=\u00a0\u00bb4.16&Prime; custom_padding=\u00a0\u00bb|||\u00a0\u00bb global_colors_info=\u00a0\u00bb{}\u00a0\u00bb custom_padding__hover=\u00a0\u00bb|||\u00a0\u00bb][et_pb_image src=\u00a0\u00bbhttps:\/\/enureflex.ca\/fr\/wp-content\/uploads\/2013\/06\/26255049-288.jpg\u00a0\u00bb align_tablet=\u00a0\u00bbcenter\u00a0\u00bb align_phone=\u00a0\u00bbcenter\u00a0\u00bb align_last_edited=\u00a0\u00bbon|desktop\u00a0\u00bb _builder_version=\u00a0\u00bb4.16&Prime; border_width_all=\u00a0\u00bb1px\u00a0\u00bb border_color_all=\u00a0\u00bb#e09900&Prime; global_colors_info=\u00a0\u00bb{}\u00a0\u00bb][\/et_pb_image][\/et_pb_column][et_pb_column type=\u00a0\u00bb3_4&Prime; _builder_version=\u00a0\u00bb4.16&Prime; custom_padding=\u00a0\u00bb|||\u00a0\u00bb global_colors_info=\u00a0\u00bb{}\u00a0\u00bb custom_padding__hover=\u00a0\u00bb|||\u00a0\u00bb][et_pb_text _builder_version=\u00a0\u00bb4.16&Prime; text_font=\u00a0\u00bb||||||||\u00a0\u00bb text_font_size=\u00a0\u00bb18px\u00a0\u00bb text_line_height=\u00a0\u00bb1.5em\u00a0\u00bb link_font=\u00a0\u00bb|600|||||||\u00a0\u00bb link_text_color=\u00a0\u00bb#000000&Prime; link_font_size=\u00a0\u00bb18px\u00a0\u00bb link_line_height=\u00a0\u00bb1.5em\u00a0\u00bb quote_font=\u00a0\u00bb||||||||\u00a0\u00bb header_font=\u00a0\u00bb||||||||\u00a0\u00bb header_text_align=\u00a0\u00bbleft\u00a0\u00bb header_font_size=\u00a0\u00bb32px\u00a0\u00bb header_line_height=\u00a0\u00bb1.3em\u00a0\u00bb header_2_font=\u00a0\u00bb||||||||\u00a0\u00bb header_2_line_height=\u00a0\u00bb1.4em\u00a0\u00bb header_3_font=\u00a0\u00bb|600|||||||\u00a0\u00bb header_3_text_align=\u00a0\u00bbleft\u00a0\u00bb text_font_size_tablet=\u00a0\u00bb\u00a0\u00bb text_font_size_phone=\u00a0\u00bb16px\u00a0\u00bb text_font_size_last_edited=\u00a0\u00bbon|phone\u00a0\u00bb link_font_size_tablet=\u00a0\u00bb\u00a0\u00bb link_font_size_phone=\u00a0\u00bb16px\u00a0\u00bb link_font_size_last_edited=\u00a0\u00bbon|phone\u00a0\u00bb header_2_font_size_tablet=\u00a0\u00bb\u00a0\u00bb header_2_font_size_phone=\u00a0\u00bb22px\u00a0\u00bb header_2_font_size_last_edited=\u00a0\u00bbon|phone\u00a0\u00bb inline_fonts=\u00a0\u00bbArial\u00a0\u00bb global_colors_info=\u00a0\u00bb{}\u00a0\u00bb]<\/p>\n<p>Plusieurs sources m\u00e9dicales de confiance telle que \u201cLa Soci\u00e9t\u00e9 canadienne de p\u00e9diatrie\u201d, recommande d\u2019abord un traitement non m\u00e9dicamenteux bas\u00e9 sur le conditionnement \u00e0 l\u2019aide d\u2019un syst\u00e8me avertisseur.<\/p>\n<p>Ce type de traitement demeure encore aujourd\u2019hui le plus efficace et le moins co\u00fbteux.<\/p>\n<h3>Autres Sources et r\u00e9f\u00e9rences sur l\u2019\u00e9nur\u00e9sie.<\/h3>\n<p>&nbsp;<\/p>\n<p>Extraits ______________________________<\/p>\n<p>* En 1907, Pfaundler a invent\u00e9 le premier dispositif d\u2019alarme pour la prise en charge de l\u2019\u00e9nur\u00e9sie nocturne. Depuis, des \u00e9tudes en ont d\u00e9montr\u00e9 les bienfaits \u2026\u00a0\u00a0<\/p>\n<p><span style=\"font-size: 18px;\">Le conditionnement au moyen d\u2019un syst\u00e8me d\u2019alarme constitue le traitement le plus efficace, \u2026.<\/span><\/p>\n<p>* Le traitement de l\u2019\u00e9nur\u00e9sie nocturne primaire devrait viser \u00e0 r\u00e9duire au minimum les r\u00e9percussions affectives pour l\u2019enfant. \u2026\u2026<\/p>\n<p>SOURCE \u2013 Extrait du document: La prise en charge de l\u2019\u00e9nur\u00e9sie nocturne primaire.<\/p>\n<p>Comit\u00e9 de la p\u00e9diatrie communautaire, Soci\u00e9t\u00e9 canadienne de p\u00e9diatrie<br \/>Paediatrics &amp; Child Health 2005;10(10): 616-620<br \/>No de r\u00e9f\u00e9rence : CP05-02<\/p>\n<p><a href=\"http:\/\/www.soinsdenosenfants.cps.ca\/handouts\/bedwetting\" target=\"_blank\" rel=\"noopener\">http:\/\/www.soinsdenosenfants.cps.ca\/handouts\/bedwetting<\/a><\/p>\n<p>[\/et_pb_text][\/et_pb_column][\/et_pb_row][et_pb_row _builder_version=\u00a0\u00bb4.16&Prime; custom_padding=\u00a0\u00bb22px|0px|10px|0px|false|false\u00a0\u00bb global_colors_info=\u00a0\u00bb{}\u00a0\u00bb][et_pb_column type=\u00a0\u00bb4_4&Prime; _builder_version=\u00a0\u00bb4.16&Prime; custom_padding=\u00a0\u00bb|||\u00a0\u00bb global_colors_info=\u00a0\u00bb{}\u00a0\u00bb custom_padding__hover=\u00a0\u00bb|||\u00a0\u00bb][et_pb_divider color=\u00a0\u00bb#e09900&Prime; divider_weight=\u00a0\u00bb1px\u00a0\u00bb _builder_version=\u00a0\u00bb4.16&Prime; global_colors_info=\u00a0\u00bb{}\u00a0\u00bb][\/et_pb_divider][et_pb_text _builder_version=\u00a0\u00bb4.16&Prime; global_colors_info=\u00a0\u00bb{}\u00a0\u00bb]<\/p>\n<ul>\n<li><a href=\"https:\/\/enureflex.ca\/fr\">Retour \u00e0 la page d\u2019accueil<\/a><\/li>\n<li><a href=\"https:\/\/enureflex.ca\/sources-and-references\/\">English version of this page<\/a><\/li>\n<\/ul>\n<p>[\/et_pb_text][et_pb_divider color=\u00a0\u00bbrgba(224,153,0,0.38)\u00a0\u00bb _builder_version=\u00a0\u00bb4.16&Prime; height=\u00a0\u00bb2px\u00a0\u00bb global_colors_info=\u00a0\u00bb{}\u00a0\u00bb][\/et_pb_divider][\/et_pb_column][\/et_pb_row][\/et_pb_section]<\/p>\n","protected":false},"excerpt":{"rendered":"<p>Sources et r\u00e9f\u00e9rencesPlusieurs sources m\u00e9dicales de confiance telle que \u201cLa Soci\u00e9t\u00e9 canadienne de p\u00e9diatrie\u201d, recommande d\u2019abord un traitement non m\u00e9dicamenteux bas\u00e9 sur le conditionnement \u00e0 l\u2019aide d\u2019un syst\u00e8me avertisseur. Ce type de traitement demeure encore aujourd\u2019hui le plus efficace et le moins co\u00fbteux. Autres Sources et r\u00e9f\u00e9rences sur l\u2019\u00e9nur\u00e9sie. &nbsp; Extraits ______________________________ * En 1907, [&hellip;]<\/p>\n","protected":false},"author":3,"featured_media":0,"parent":0,"menu_order":0,"comment_status":"closed","ping_status":"closed","template":"","meta":{"_et_pb_use_builder":"on","_et_pb_old_content":"[fusion_builder_container background_color=\"\" background_image=\"\" background_parallax=\"none\" enable_mobile=\"no\" parallax_speed=\"0.3\" background_repeat=\"no-repeat\" background_position=\"left top\" video_url=\"\" video_aspect_ratio=\"16:9\" video_webm=\"\" video_mp4=\"\" video_ogv=\"\" video_preview_image=\"\" overlay_color=\"\" overlay_opacity=\"0.5\" video_mute=\"yes\" video_loop=\"yes\" fade=\"no\" border_size=\"0px\" border_color=\"\" border_style=\"\" padding_top=\"20\" padding_bottom=\"20\" padding_left=\"\" padding_right=\"\" hundred_percent=\"no\" equal_height_columns=\"no\" hide_on_mobile=\"no\" menu_anchor=\"\" class=\"\" id=\"\"][fusion_builder_row][fusion_builder_column type=\"1_3\" last=\"no\" spacing=\"yes\" center_content=\"no\" hide_on_mobile=\"no\" background_color=\"\" background_image=\"\" background_repeat=\"no-repeat\" background_position=\"left top\" hover_type=\"none\" link=\"\" border_position=\"all\" border_size=\"0px\" border_color=\"\" border_style=\"\" padding=\"\" margin_top=\"\" margin_bottom=\"\" animation_type=\"\" animation_direction=\"\" animation_speed=\"0.1\" animation_offset=\"\" class=\"\" id=\"\"][fusion_text]<img class=\"size-full wp-image-5039 alignnone\" title=\"Sources et r\u00e9f\u00e9rences sur l'\u00e9nur\u00e9sie\" src=\"https:\/\/enureflex.ca\/fr\/wp-content\/uploads\/2013\/06\/26255049-288.jpg\" alt=\"Sources et r\u00e9f\u00e9rences sur l'\u00e9nur\u00e9sie\" width=\"288\" height=\"434\" \/>[\/fusion_text][fusion_separator style_type=\"none\" top_margin=\"40\" bottom_margin=\"40\" sep_color=\"\" border_size=\"\" icon=\"\" icon_circle=\"\" icon_circle_color=\"\" width=\"\" alignment=\"\" class=\"\" id=\"\"\/][\/fusion_builder_column][fusion_builder_column type=\"2_3\" last=\"yes\" spacing=\"yes\" center_content=\"no\" hide_on_mobile=\"no\" background_color=\"\" background_image=\"\" background_repeat=\"no-repeat\" background_position=\"left top\" hover_type=\"none\" link=\"\" border_position=\"all\" border_size=\"0px\" border_color=\"\" border_style=\"\" padding=\"\" margin_top=\"\" margin_bottom=\"\" animation_type=\"\" animation_direction=\"\" animation_speed=\"0.1\" animation_offset=\"\" class=\"\" id=\"\"][fusion_title size=\"1\" content_align=\"left\" style_type=\"\" sep_color=\"\" margin_top=\"\" margin_bottom=\"\" class=\"\" id=\"\"]Sources et r\u00e9f\u00e9rence sur l'\u00e9nur\u00e9sie \"Pipi au lit\"[\/fusion_title][fusion_text]Plusieurs sources m\u00e9dicales de confiance telle que \u201cLa Soci\u00e9t\u00e9 canadienne de p\u00e9diatrie\u201d, recommande d\u2019abord un traitement non m\u00e9dicamenteux bas\u00e9 sur le conditionnement \u00e0 l\u2019aide d\u2019un syst\u00e8me avertisseur.\r\n\r\nCe type de traitement demeure encore aujourd\u2019hui le plus efficace et le moins co\u00fbteux.\r\n\r\n\u00a0\r\n\r\nAutres Sources et r\u00e9f\u00e9rences sur l\u2019\u00e9nur\u00e9sie.\r\n\r\nExtraits ______________________________\r\n\r\n* En 1907, Pfaundler a invent\u00e9 le premier dispositif d\u2019alarme pour la prise en charge de l\u2019\u00e9nur\u00e9sie nocturne. Depuis, des \u00e9tudes en ont d\u00e9montr\u00e9 les bienfaits ......................\r\n\r\n* Le conditionnement au moyen d\u2019un syst\u00e8me d\u2019alarme constitue le traitement le plus efficace, ....\r\n\r\n* Le traitement de l\u2019\u00e9nur\u00e9sie nocturne primaire devrait viser \u00e0 r\u00e9duire au minimum les r\u00e9percussions affectives pour l\u2019enfant. ......\r\n\r\nSOURCE - Extrait du document: La prise en charge de l\u2019\u00e9nur\u00e9sie nocturne primaire.\r\n\r\nComit\u00e9 de la p\u00e9diatrie communautaire, Soci\u00e9t\u00e9 canadienne de p\u00e9diatrie\r\nPaediatrics & Child Health 2005;10(10): 616-620\r\nNo de r\u00e9f\u00e9rence : CP05-02\r\n\r\n<a href=\"http:\/\/www.soinsdenosenfants.cps.ca\/handouts\/bedwetting\">http:\/\/www.soinsdenosenfants.cps.ca\/handouts\/bedwetting<\/a>[\/fusion_text][\/fusion_builder_column][\/fusion_builder_row][\/fusion_builder_container][fusion_builder_container background_color=\"\" background_image=\"\" background_parallax=\"none\" enable_mobile=\"no\" parallax_speed=\"0.3\" background_repeat=\"no-repeat\" background_position=\"left top\" video_url=\"\" video_aspect_ratio=\"16:9\" video_webm=\"\" video_mp4=\"\" video_ogv=\"\" video_preview_image=\"\" overlay_color=\"\" overlay_opacity=\"0.5\" video_mute=\"yes\" video_loop=\"yes\" fade=\"no\" border_size=\"0px\" border_color=\"\" border_style=\"\" padding_top=\"20\" padding_bottom=\"20\" padding_left=\"\" padding_right=\"\" hundred_percent=\"no\" equal_height_columns=\"no\" hide_on_mobile=\"no\" menu_anchor=\"\" class=\"\" id=\"\"][fusion_builder_row][fusion_builder_column type=\"1_1\" background_position=\"left top\" background_color=\"\" border_size=\"\" border_color=\"\" border_style=\"solid\" spacing=\"yes\" background_image=\"\" background_repeat=\"no-repeat\" padding=\"\" margin_top=\"0px\" margin_bottom=\"0px\" class=\"\" id=\"\" animation_type=\"\" animation_speed=\"0.3\" animation_direction=\"left\" hide_on_mobile=\"no\" center_content=\"no\" min_height=\"none\"][fusion_separator style_type=\"single solid\" top_margin=\"60\" bottom_margin=\"60\" sep_color=\"#dd9933\" border_size=\"\" icon=\"fa-thumbs-o-up\" icon_circle=\"\" icon_circle_color=\"\" width=\"\" alignment=\"center\" class=\"\" id=\"\"\/][fusion_text]<strong><a href=\"http:\/\/parentsenfants.ca\/\" target=\"_blank\">La Clinique Parents-Enfants<\/a><\/strong>\r\n102-366 chemin Aylmer (en face du Provigo)\r\nGatineau, QC \u00a0 \u00a0 \u00a0J9H 1A7\r\n819-486-1106\r\nMme Sharon Laplante, infimi\u00e8re-p\u00e9diatrique\r\nPour un service chaleureux et des conseils infirmiers de premier plan.[\/fusion_text][\/fusion_builder_column][\/fusion_builder_row][\/fusion_builder_container][fusion_builder_container hundred_percent=\"yes\" overflow=\"visible\" margin_top=\"40px\" margin_bottom=\"40px\" background_color=\"rgba(255,255,255,0)\"][fusion_builder_row][fusion_builder_column type=\"1_1\" background_position=\"left top\" background_color=\"\" border_size=\"\" border_color=\"\" border_style=\"solid\" spacing=\"yes\" background_image=\"\" background_repeat=\"no-repeat\" padding=\"\" margin_top=\"0px\" margin_bottom=\"0px\" class=\"\" id=\"\" animation_type=\"\" animation_speed=\"0.3\" animation_direction=\"left\" hide_on_mobile=\"no\" center_content=\"no\" min_height=\"none\"][fusion_separator style_type=\"none\"   sep_color=\"\" border_size=\"\" icon=\"\" icon_circle=\"\" icon_circle_color=\"\" width=\"\" alignment=\"\" class=\"\" id=\"\"\/][\/fusion_builder_column][\/fusion_builder_row][\/fusion_builder_container][fusion_builder_container hundred_percent=\"yes\" overflow=\"visible\" margin_top=\"60px\" margin_bottom=\"60px\" background_color=\"rgba(255,255,255,0)\"][fusion_builder_row][fusion_builder_column type=\"1_1\" background_position=\"left top\" background_color=\"\" border_size=\"\" border_color=\"\" border_style=\"solid\" spacing=\"yes\" background_image=\"\" background_repeat=\"no-repeat\" padding=\"\" margin_top=\"0px\" margin_bottom=\"0px\" class=\"\" id=\"\" animation_type=\"\" animation_speed=\"0.3\" animation_direction=\"left\" hide_on_mobile=\"no\" center_content=\"no\" min_height=\"none\"][fusion_separator style_type=\"shadow\"   sep_color=\"\" border_size=\"\" icon=\"\" icon_circle=\"\" icon_circle_color=\"\" width=\"\" alignment=\"\" class=\"\" id=\"\"\/][\/fusion_builder_column][\/fusion_builder_row][\/fusion_builder_container][fusion_builder_container hundred_percent=\"yes\" overflow=\"visible\"][fusion_builder_row][fusion_builder_column type=\"1_1\" background_position=\"left top\" background_color=\"\" border_size=\"\" border_color=\"\" border_style=\"solid\" spacing=\"yes\" background_image=\"\" background_repeat=\"no-repeat\" padding=\"\" margin_top=\"0px\" margin_bottom=\"0px\" class=\"\" id=\"\" animation_type=\"\" animation_speed=\"0.3\" animation_direction=\"left\" hide_on_mobile=\"no\" center_content=\"no\" min_height=\"none\"][fusion_text]<span style=\"text-decoration: underline;\"><em><strong>Liens Utiles<\/strong><\/em><\/span>\r\n\r\n\u00a0\r\n\r\n<a title=\"Annuaire Qu\u00e9bec\" href=\"http:\/\/www.monindex.ca\/\"><img src=\"http:\/\/www.monindex.ca\/logos\/annuaire-0001.gif\" alt=\"Annuaire Qu\u00e9bec\" width=\"80\" height=\"15\" border=\"0\" \/><\/a>[\/fusion_text][fusion_separator style_type=\"shadow\" top_margin=\"60\" bottom_margin=\"60\" sep_color=\"\" border_size=\"\" icon=\"\" icon_circle=\"\" icon_circle_color=\"\" width=\"\" alignment=\"\" class=\"\" id=\"\"\/][fusion_text]\r\n\r\n<a href=\"http:\/\/www.net-liens.com\">Annuaire Net-Liens<\/a>[\/fusion_text][\/fusion_builder_column][\/fusion_builder_row][\/fusion_builder_container]","_et_gb_content_width":"","footnotes":""},"class_list":["post-5038","page","type-page","status-publish","hentry"],"_links":{"self":[{"href":"https:\/\/enureflex.ca\/fr\/wp-json\/wp\/v2\/pages\/5038","targetHints":{"allow":["GET"]}}],"collection":[{"href":"https:\/\/enureflex.ca\/fr\/wp-json\/wp\/v2\/pages"}],"about":[{"href":"https:\/\/enureflex.ca\/fr\/wp-json\/wp\/v2\/types\/page"}],"author":[{"embeddable":true,"href":"https:\/\/enureflex.ca\/fr\/wp-json\/wp\/v2\/users\/3"}],"replies":[{"embeddable":true,"href":"https:\/\/enureflex.ca\/fr\/wp-json\/wp\/v2\/comments?post=5038"}],"version-history":[{"count":4,"href":"https:\/\/enureflex.ca\/fr\/wp-json\/wp\/v2\/pages\/5038\/revisions"}],"predecessor-version":[{"id":17175,"href":"https:\/\/enureflex.ca\/fr\/wp-json\/wp\/v2\/pages\/5038\/revisions\/17175"}],"wp:attachment":[{"href":"https:\/\/enureflex.ca\/fr\/wp-json\/wp\/v2\/media?parent=5038"}],"curies":[{"name":"wp","href":"https:\/\/api.w.org\/{rel}","templated":true}]}}