{"id":19413,"date":"2024-01-10T18:51:36","date_gmt":"2024-01-10T22:51:36","guid":{"rendered":"https:\/\/enureflex.ca\/fr\/?page_id=19413"},"modified":"2025-04-11T15:48:31","modified_gmt":"2025-04-11T19:48:31","slug":"a-propos","status":"publish","type":"page","link":"https:\/\/enureflex.ca\/fr\/a-propos\/","title":{"rendered":"\u00c0 propos de la Clinique Enureflex"},"content":{"rendered":"<p>[et_pb_section fb_built=\u00a0\u00bb1&Prime; admin_label=\u00a0\u00bbheader info-Produits\u00a0\u00bb _builder_version=\u00a0\u00bb4.27.4&Prime; use_background_color_gradient=\u00a0\u00bbon\u00a0\u00bb background_color_gradient_type=\u00a0\u00bbcircular\u00a0\u00bb background_color_gradient_direction_radial=\u00a0\u00bbtop left\u00a0\u00bb background_color_gradient_stops=\u00a0\u00bb#27618f 33%|rgba(224,153,0,0.66) 35%|rgba(255, 255, 255, 0) 36%\u00a0\u00bb background_color_gradient_start=\u00a0\u00bb#27618f\u00a0\u00bb background_color_gradient_start_position=\u00a0\u00bb33%\u00a0\u00bb background_color_gradient_end=\u00a0\u00bbrgba(255,255,255,0)\u00a0\u00bb background_color_gradient_end_position=\u00a0\u00bb33%\u00a0\u00bb custom_margin=\u00a0\u00bb||||false|false\u00a0\u00bb custom_padding=\u00a0\u00bb||||false|false\u00a0\u00bb top_divider_style=\u00a0\u00bbasymmetric2&Prime; top_divider_color=\u00a0\u00bbrgba(86,146,193,0.36)\u00a0\u00bb top_divider_height=\u00a0\u00bb421px\u00a0\u00bb hover_enabled=\u00a0\u00bb0&Prime; da_disable_devices=\u00a0\u00bboff|off|off\u00a0\u00bb global_colors_info=\u00a0\u00bb{}\u00a0\u00bb module_alignment=\u00a0\u00bbcenter\u00a0\u00bb sticky_enabled=\u00a0\u00bb0&Prime; da_is_popup=\u00a0\u00bboff\u00a0\u00bb da_exit_intent=\u00a0\u00bboff\u00a0\u00bb da_has_close=\u00a0\u00bbon\u00a0\u00bb da_alt_close=\u00a0\u00bboff\u00a0\u00bb da_dark_close=\u00a0\u00bboff\u00a0\u00bb da_not_modal=\u00a0\u00bbon\u00a0\u00bb da_is_singular=\u00a0\u00bboff\u00a0\u00bb da_with_loader=\u00a0\u00bboff\u00a0\u00bb da_has_shadow=\u00a0\u00bbon\u00a0\u00bb][et_pb_row column_structure=\u00a0\u00bb1_2,1_2&Prime; _builder_version=\u00a0\u00bb4.27.4&Prime; _module_preset=\u00a0\u00bbdefault\u00a0\u00bb custom_margin_phone=\u00a0\u00bb||||false|false\u00a0\u00bb custom_padding_phone=\u00a0\u00bb0|0px||0px|false|false\u00a0\u00bb hover_enabled=\u00a0\u00bb0&Prime; global_colors_info=\u00a0\u00bb{}\u00a0\u00bb sticky_enabled=\u00a0\u00bb0&Prime; max_width_last_edited=\u00a0\u00bbon|phone\u00a0\u00bb width=\u00a0\u00bb87%\u00a0\u00bb width_last_edited=\u00a0\u00bbon|phone\u00a0\u00bb width_phone=\u00a0\u00bb\u00a0\u00bb custom_margin=\u00a0\u00bb0px|218px|0px|auto|true|false\u00a0\u00bb width_tablet=\u00a0\u00bb87%\u00a0\u00bb][et_pb_column type=\u00a0\u00bb1_2&Prime; _builder_version=\u00a0\u00bb4.27.4&Prime; _module_preset=\u00a0\u00bbdefault\u00a0\u00bb global_colors_info=\u00a0\u00bb{}\u00a0\u00bb][et_pb_image src=\u00a0\u00bbhttps:\/\/enureflex.ca\/fr\/wp-content\/uploads\/2025\/04\/accueil-01-Canada-500.png\u00a0\u00bb alt=\u00a0\u00bbFamille souriante marchant sur la plage, illustr\u00e9e derri\u00e8re le dispositif Urine Alert, fabriqu\u00e9 au Canada pour le traitement de l\u2019\u00e9nur\u00e9sie.\u00a0\u00bb title_text=\u00a0\u00bbaccueil-01-Canada-500&Prime; _builder_version=\u00a0\u00bb4.27.4&Prime; _module_preset=\u00a0\u00bbdefault\u00a0\u00bb max_width=\u00a0\u00bb63%\u00a0\u00bb custom_margin=\u00a0\u00bb10px||35px||false|false\u00a0\u00bb hover_enabled=\u00a0\u00bb0&Prime; global_colors_info=\u00a0\u00bb{}\u00a0\u00bb locked=\u00a0\u00bboff\u00a0\u00bb align=\u00a0\u00bbcenter\u00a0\u00bb sticky_enabled=\u00a0\u00bb0&Prime; custom_margin_last_edited=\u00a0\u00bbon|phone\u00a0\u00bb custom_margin_phone=\u00a0\u00bb||10px||false|false\u00a0\u00bb custom_margin_tablet=\u00a0\u00bb||10px||false|false\u00a0\u00bb][\/et_pb_image][\/et_pb_column][et_pb_column type=\u00a0\u00bb1_2&Prime; _builder_version=\u00a0\u00bb4.27.4&Prime; _module_preset=\u00a0\u00bbdefault\u00a0\u00bb global_colors_info=\u00a0\u00bb{}\u00a0\u00bb][et_pb_text _builder_version=\u00a0\u00bb4.27.4&Prime; _module_preset=\u00a0\u00bbdefault\u00a0\u00bb header_font=\u00a0\u00bb|700|||||||\u00a0\u00bb header_text_align=\u00a0\u00bbcenter\u00a0\u00bb header_font_size=\u00a0\u00bb50px\u00a0\u00bb header_line_height=\u00a0\u00bb1.6em\u00a0\u00bb header_2_font=\u00a0\u00bb|600|||||||\u00a0\u00bb custom_margin=\u00a0\u00bb84px|||||\u00a0\u00bb link_option_url_new_window=\u00a0\u00bbon\u00a0\u00bb hover_enabled=\u00a0\u00bb0&Prime; header_font_size_tablet=\u00a0\u00bb50px\u00a0\u00bb header_font_size_phone=\u00a0\u00bb34px\u00a0\u00bb header_font_size_last_edited=\u00a0\u00bbon|phone\u00a0\u00bb global_colors_info=\u00a0\u00bb{}\u00a0\u00bb locked=\u00a0\u00bboff\u00a0\u00bb custom_margin_last_edited=\u00a0\u00bbon|phone\u00a0\u00bb sticky_enabled=\u00a0\u00bb0&Prime; custom_margin_phone=\u00a0\u00bb0px||||false|false\u00a0\u00bb custom_margin_tablet=\u00a0\u00bb10px||||false|false\u00a0\u00bb]<\/p>\n<h1>\u00c0 propos de nous<\/h1>\n<p>[\/et_pb_text][et_pb_divider _builder_version=\u00a0\u00bb4.21.0&Prime; _module_preset=\u00a0\u00bbdefault\u00a0\u00bb max_width=\u00a0\u00bb70%\u00a0\u00bb module_alignment=\u00a0\u00bbcenter\u00a0\u00bb custom_margin=\u00a0\u00bb17px||4px|||\u00a0\u00bb global_colors_info=\u00a0\u00bb{}\u00a0\u00bb locked=\u00a0\u00bboff\u00a0\u00bb][\/et_pb_divider][et_pb_image src=\u00a0\u00bbhttps:\/\/enureflex.ca\/fr\/wp-content\/uploads\/2019\/05\/bouton_enureflex_180.png\u00a0\u00bb title_text=\u00a0\u00bbbouton_enureflex_180&Prime; align=\u00a0\u00bbcenter\u00a0\u00bb _builder_version=\u00a0\u00bb4.27.4&Prime; _module_preset=\u00a0\u00bbdefault\u00a0\u00bb width_tablet=\u00a0\u00bb\u00a0\u00bb width_phone=\u00a0\u00bb\u00a0\u00bb width_last_edited=\u00a0\u00bbon|desktop\u00a0\u00bb custom_margin=\u00a0\u00bb||||false|false\u00a0\u00bb hover_enabled=\u00a0\u00bb0&Prime; global_colors_info=\u00a0\u00bb{}\u00a0\u00bb locked=\u00a0\u00bboff\u00a0\u00bb disabled_on=\u00a0\u00bbon|on|off\u00a0\u00bb sticky_enabled=\u00a0\u00bb0&Prime;][\/et_pb_image][et_pb_image src=\u00a0\u00bbhttps:\/\/enureflex.ca\/fr\/wp-content\/uploads\/2023\/07\/five-stars_8406477.png\u00a0\u00bb alt=\u00a0\u00bburine-alert pour toutes les g\u00e9n\u00e9rations\u00a0\u00bb title_text=\u00a0\u00bbfive-stars_8406477&Prime; show_bottom_space=\u00a0\u00bboff\u00a0\u00bb align_tablet=\u00a0\u00bbcenter\u00a0\u00bb align_phone=\u00a0\u00bb\u00a0\u00bb align_last_edited=\u00a0\u00bbon|phone\u00a0\u00bb admin_label=\u00a0\u00bbMedallon urine-alerte \u00a0\u00bb _builder_version=\u00a0\u00bb4.27.4&Prime; max_width=\u00a0\u00bb48%\u00a0\u00bb module_alignment=\u00a0\u00bbcenter\u00a0\u00bb custom_margin=\u00a0\u00bb41px||0px||false|false\u00a0\u00bb custom_padding=\u00a0\u00bb0px||0px||false|false\u00a0\u00bb hover_enabled=\u00a0\u00bb0&Prime; border_color_all=\u00a0\u00bb#E09900&Prime; global_colors_info=\u00a0\u00bb{}\u00a0\u00bb locked=\u00a0\u00bboff\u00a0\u00bb custom_margin_last_edited=\u00a0\u00bbon|tablet\u00a0\u00bb sticky_enabled=\u00a0\u00bb0&Prime; custom_margin_phone=\u00a0\u00bb2px||||false|false\u00a0\u00bb custom_margin_tablet=\u00a0\u00bb2px||||false|false\u00a0\u00bb][\/et_pb_image][\/et_pb_column][\/et_pb_row][\/et_pb_section][et_pb_section fb_built=\u00a0\u00bb1&Prime; custom_padding_last_edited=\u00a0\u00bbon|phone\u00a0\u00bb disabled_on=\u00a0\u00bboff|off|off\u00a0\u00bb admin_label=\u00a0\u00bbSection\u00a0\u00bb module_id=\u00a0\u00bbevolution\u00a0\u00bb _builder_version=\u00a0\u00bb4.27.4&Prime; _module_preset=\u00a0\u00bbdefault\u00a0\u00bb max_width_tablet=\u00a0\u00bb\u00a0\u00bb max_width_phone=\u00a0\u00bb100%\u00a0\u00bb max_width_last_edited=\u00a0\u00bbon|phone\u00a0\u00bb module_alignment=\u00a0\u00bbcenter\u00a0\u00bb custom_margin=\u00a0\u00bb18px||||false|false\u00a0\u00bb custom_margin_tablet=\u00a0\u00bb30px||||false|false\u00a0\u00bb custom_margin_phone=\u00a0\u00bb||||false|false\u00a0\u00bb custom_margin_last_edited=\u00a0\u00bbon|desktop\u00a0\u00bb custom_padding=\u00a0\u00bb100px|0px|30px|0px|false|false\u00a0\u00bb custom_padding_tablet=\u00a0\u00bb110px||||false|false\u00a0\u00bb custom_padding_phone=\u00a0\u00bb||||false|false\u00a0\u00bb top_divider_style=\u00a0\u00bbarrow2&Prime; top_divider_color=\u00a0\u00bbrgba(86,146,193,0.2)\u00a0\u00bb top_divider_height=\u00a0\u00bb80px\u00a0\u00bb top_divider_style_tablet=\u00a0\u00bbarrow2&Prime; top_divider_style_phone=\u00a0\u00bbarrow2&Prime; top_divider_style_last_edited=\u00a0\u00bbon|phone\u00a0\u00bb top_divider_height_tablet=\u00a0\u00bb60px\u00a0\u00bb top_divider_height_phone=\u00a0\u00bb40px\u00a0\u00bb top_divider_height_last_edited=\u00a0\u00bbon|phone\u00a0\u00bb hover_enabled=\u00a0\u00bb0&Prime; da_popup_slug=\u00a0\u00bbevolution\u00a0\u00bb da_disable_devices=\u00a0\u00bboff|off|off\u00a0\u00bb locked=\u00a0\u00bboff\u00a0\u00bb global_colors_info=\u00a0\u00bb{}\u00a0\u00bb sticky_enabled=\u00a0\u00bb0&Prime; da_is_popup=\u00a0\u00bboff\u00a0\u00bb da_exit_intent=\u00a0\u00bboff\u00a0\u00bb da_has_close=\u00a0\u00bbon\u00a0\u00bb da_alt_close=\u00a0\u00bboff\u00a0\u00bb da_dark_close=\u00a0\u00bboff\u00a0\u00bb da_not_modal=\u00a0\u00bbon\u00a0\u00bb da_is_singular=\u00a0\u00bboff\u00a0\u00bb da_with_loader=\u00a0\u00bboff\u00a0\u00bb da_has_shadow=\u00a0\u00bbon\u00a0\u00bb][et_pb_row _builder_version=\u00a0\u00bb4.27.4&Prime; _module_preset=\u00a0\u00bbdefault\u00a0\u00bb custom_margin_phone=\u00a0\u00bb||||false|false\u00a0\u00bb custom_padding_phone=\u00a0\u00bb0|0px||0px|false|false\u00a0\u00bb hover_enabled=\u00a0\u00bb0&Prime; global_colors_info=\u00a0\u00bb{}\u00a0\u00bb sticky_enabled=\u00a0\u00bb0&Prime; max_width_last_edited=\u00a0\u00bbon|phone\u00a0\u00bb width=\u00a0\u00bb87%\u00a0\u00bb width_last_edited=\u00a0\u00bbon|phone\u00a0\u00bb width_phone=\u00a0\u00bb\u00a0\u00bb width_tablet=\u00a0\u00bb87%\u00a0\u00bb][et_pb_column type=\u00a0\u00bb4_4&Prime; _builder_version=\u00a0\u00bb4.27.4&Prime; _module_preset=\u00a0\u00bbdefault\u00a0\u00bb global_colors_info=\u00a0\u00bb{}\u00a0\u00bb][et_pb_text _builder_version=\u00a0\u00bb4.23.4&Prime; _module_preset=\u00a0\u00bbdefault\u00a0\u00bb global_colors_info=\u00a0\u00bb{}\u00a0\u00bb locked=\u00a0\u00bboff\u00a0\u00bb]<\/p>\n<p><strong>\u00c0 PROPOS DE LA CLINIQUE ENUREFLEX<\/strong><\/p>\n<p>Bienvenue chez Enureflex, votre partenaire d\u00e9di\u00e9 au bien-\u00eatre de la famille.<\/p>\n<p>Nous sommes l\u00e0 pour vous accompagner \u00e0 chaque \u00e9tape de votre parcours et vous fournir les outils n\u00e9cessaires pour vaincre les probl\u00e8mes reli\u00e9s \u00e0 l\u2019\u00e9nur\u00e9sie ou \u00e0 la gestion de l\u2019incontinence.<\/p>\n<p><strong>Notre Mission\u00a0: (20 ans d\u00e9j\u00e0)<\/strong><\/p>\n<p>Chez Enureflex, notre mission est de vous offrir des solutions innovantes pour am\u00e9liorer votre qualit\u00e9 de vie en favorisant une sant\u00e9 urinaire optimale.<\/p>\n<p>Nous sommes fabriquant d\u2019alarmes \u00e9nur\u00e9tiques utilis\u00e9es dans le traitement de l\u2019\u00e9nur\u00e9sie nocturne et diurne (pipi au lit la nuit et pipi le jour).<\/p>\n<p>Mieux que quiconque, nous comprenons les d\u00e9fis que les enfants et leurs familles doivent surmonter quotidiennement.\u00a0 C\u2019est pourquoi, nous nous sommes engag\u00e9s \u00e0 d\u00e9velopper, non seulement, des produits et appareils de qualit\u00e9 sup\u00e9rieur, mais aussi, \u00e0 mieux comprendre l\u2019\u00e9nur\u00e9sie et ces effets sur ceux qui en souffrent.\u00a0 Pas seulement l\u2019enfant mais aussi sa famille et son entourage.<\/p>\n<p>Chez Enureflex, les adultes et les a\u00een\u00e9s souffrant d\u2019incontinence ne sont pas laiss\u00e9s de c\u00f4t\u00e9.\u00a0 Depuis quelques ann\u00e9es, nous d\u00e9veloppons une approche plus humaine pour leurs permettre de mieux g\u00e9rer l\u2019incontinence et les inconv\u00e9nients qui l\u2019accompagnent.<\/p>\n<p>Au fil des ans et des connaissances accumul\u00e9es, nous ajustons notre approche et nos m\u00e9thodes afin de mieux r\u00e9pondre aux besoins sp\u00e9cifiques de chaque enfant, de chaque famille et de chaque adulte aux prises avec cette probl\u00e9matique.<\/p>\n<p><strong>Notre Engagement <\/strong><\/p>\n<p>\u00c0 la Clinique Enureflex, nous sommes d\u00e9vou\u00e9s \u00e0 fournir des solutions de pointe pour les troubles urinaires, en mettant l&rsquo;accent sur la qualit\u00e9 des soins et le confort de nos patients.<\/p>\n<p>Notre \u00e9quipe travaille \u00e0 offrir des services de traitements, ainsi qu\u2019un support personnalis\u00e9 et professionnel, garantissant ainsi les meilleurs r\u00e9sultats.<\/p>\n<p>Nous sommes l\u00e0 pour vous accompagner \u00e0 chaque \u00e9tape, en fournissant des conseils personnalis\u00e9s et un soutien continu.<\/p>\n<p><strong>Une Approche Holistique<\/strong><\/p>\n<p>Nous croyons en une approche holistique de l\u2019\u00e9nur\u00e9sie (nocturne et diurne), reconnaissant que chaque enfant et chaque famille est unique. \u00a0Nos conseillers prennent le temps de bien comprendre vos besoins, en tenant compte de votre situation familiale globale, et de vos pr\u00e9occupations.<\/p>\n<p><strong>Technologie<\/strong><\/p>\n<p>Chef de file au Qu\u00e9bec et au Canada, nous nous engageons \u00e0 rester \u00e0 l&rsquo;avant-garde des avanc\u00e9es technologiques et m\u00e9dicales pour offrir aux enfants et aux familles les meilleures options et les meilleures solutions disponibles.<\/p>\n<p><strong>Notre Engagement envers la Qualit\u00e9<\/strong><\/p>\n<p>La qualit\u00e9 est au c\u0153ur de tout ce que nous faisons et vous pouvez avoir confiance en la qualit\u00e9 et l&rsquo;efficacit\u00e9 de chaque produit Enureflex.<\/p>\n<p>Nous restons \u00e0 l&rsquo;avant-garde de l&rsquo;innovation dans le domaine du traitement de l\u2019\u00e9nur\u00e9sie (nocturne et diurne) chez les enfants et adolescents, ainsi que pour l\u2019aide \u00e0 la gestion de l\u2019incontinence chez les adultes et les personnes \u00e2g\u00e9es.<\/p>\n<p>Nous explorons continuellement de nouvelles approches et solutions novatrices. Nous nous engageons \u00e0 \u00e9voluer constamment pour r\u00e9pondre aux besoins changeants des familles d\u2019aujourd\u2019hui.<\/p>\n<p><strong>Durabilit\u00e9 et environnement<\/strong><\/p>\n<p>Enureflex s&rsquo;efforce de minimiser son impact sur l&rsquo;environnement. Dans la mesure du possible, nous adoptons des pratiques durables et nous travaillons \u00e0 r\u00e9duire notre empreinte carbone.<\/p>\n<p>Notre engagement envers la durabilit\u00e9 refl\u00e8te notre souci de pr\u00e9server non seulement votre bien-\u00eatre, mais aussi celui de la plan\u00e8te.<\/p>\n<p>[\/et_pb_text][et_pb_text _builder_version=\u00a0\u00bb4.23.4&Prime; _module_preset=\u00a0\u00bbdefault\u00a0\u00bb custom_padding=\u00a0\u00bb||||false|false\u00a0\u00bb locked=\u00a0\u00bboff\u00a0\u00bb global_colors_info=\u00a0\u00bb{}\u00a0\u00bb]<\/p>\n<p><strong>L&rsquo;\u00c9quipe Enureflex<\/strong><\/p>\n<p>Nous sommes l\u00e0 pour vous accompagner \u00e0 chaque \u00e9tape de votre parcours, en fournissant un soutien professionnel et des solutions adapt\u00e9es \u00e0 vos besoins.<\/p>\n<p>Merci de choisir la Clinique Enureflex comme votre partenaire de confiance pour vous aider \u00e0 vaincre l\u2019\u00e9nur\u00e9sie et\/ou pour une meilleure gestion de l\u2019incontinence.<\/p>\n<p>[\/et_pb_text][\/et_pb_column][\/et_pb_row][\/et_pb_section]<\/p>\n","protected":false},"excerpt":{"rendered":"<p>\u00c0 propos de nous\u00c0 PROPOS DE LA CLINIQUE ENUREFLEX Bienvenue chez Enureflex, votre partenaire d\u00e9di\u00e9 au bien-\u00eatre de la famille. Nous sommes l\u00e0 pour vous accompagner \u00e0 chaque \u00e9tape de votre parcours et vous fournir les outils n\u00e9cessaires pour vaincre les probl\u00e8mes reli\u00e9s \u00e0 l\u2019\u00e9nur\u00e9sie ou \u00e0 la gestion de l\u2019incontinence. Notre Mission\u00a0: (20 ans [&hellip;]<\/p>\n","protected":false},"author":10,"featured_media":0,"parent":0,"menu_order":0,"comment_status":"closed","ping_status":"closed","template":"","meta":{"_et_pb_use_builder":"on","_et_pb_old_content":"","_et_gb_content_width":"","footnotes":""},"class_list":["post-19413","page","type-page","status-publish","hentry"],"_links":{"self":[{"href":"https:\/\/enureflex.ca\/fr\/wp-json\/wp\/v2\/pages\/19413","targetHints":{"allow":["GET"]}}],"collection":[{"href":"https:\/\/enureflex.ca\/fr\/wp-json\/wp\/v2\/pages"}],"about":[{"href":"https:\/\/enureflex.ca\/fr\/wp-json\/wp\/v2\/types\/page"}],"author":[{"embeddable":true,"href":"https:\/\/enureflex.ca\/fr\/wp-json\/wp\/v2\/users\/10"}],"replies":[{"embeddable":true,"href":"https:\/\/enureflex.ca\/fr\/wp-json\/wp\/v2\/comments?post=19413"}],"version-history":[{"count":3,"href":"https:\/\/enureflex.ca\/fr\/wp-json\/wp\/v2\/pages\/19413\/revisions"}],"predecessor-version":[{"id":19857,"href":"https:\/\/enureflex.ca\/fr\/wp-json\/wp\/v2\/pages\/19413\/revisions\/19857"}],"wp:attachment":[{"href":"https:\/\/enureflex.ca\/fr\/wp-json\/wp\/v2\/media?parent=19413"}],"curies":[{"name":"wp","href":"https:\/\/api.w.org\/{rel}","templated":true}]}}