{"id":19303,"date":"2024-01-08T12:36:31","date_gmt":"2024-01-08T16:36:31","guid":{"rendered":"https:\/\/enureflex.ca\/fr\/?page_id=19303"},"modified":"2024-01-10T15:51:51","modified_gmt":"2024-01-10T19:51:51","slug":"communiques","status":"publish","type":"page","link":"https:\/\/enureflex.ca\/fr\/communiques\/","title":{"rendered":"Communiqu\u00e9s"},"content":{"rendered":"<p>[et_pb_section fb_built=\u00a0\u00bb1&Prime; admin_label=\u00a0\u00bbheader info-Produits\u00a0\u00bb _builder_version=\u00a0\u00bb4.22.1&Prime; use_background_color_gradient=\u00a0\u00bbon\u00a0\u00bb background_color_gradient_type=\u00a0\u00bbcircular\u00a0\u00bb background_color_gradient_direction_radial=\u00a0\u00bbtop left\u00a0\u00bb background_color_gradient_stops=\u00a0\u00bb#27618f 33%|rgba(224,153,0,0.66) 35%|rgba(255, 255, 255, 0) 36%\u00a0\u00bb background_color_gradient_start=\u00a0\u00bb#27618f\u00a0\u00bb background_color_gradient_start_position=\u00a0\u00bb33%\u00a0\u00bb background_color_gradient_end=\u00a0\u00bbrgba(255,255,255,0)\u00a0\u00bb background_color_gradient_end_position=\u00a0\u00bb33%\u00a0\u00bb custom_margin=\u00a0\u00bb||0px||false|false\u00a0\u00bb custom_padding=\u00a0\u00bb27px|0px|0px|0px|false|false\u00a0\u00bb top_divider_style=\u00a0\u00bbasymmetric2&Prime; top_divider_color=\u00a0\u00bbrgba(86,146,193,0.36)\u00a0\u00bb top_divider_height=\u00a0\u00bb421px\u00a0\u00bb da_disable_devices=\u00a0\u00bboff|off|off\u00a0\u00bb global_colors_info=\u00a0\u00bb{}\u00a0\u00bb da_is_popup=\u00a0\u00bboff\u00a0\u00bb da_exit_intent=\u00a0\u00bboff\u00a0\u00bb da_has_close=\u00a0\u00bbon\u00a0\u00bb da_alt_close=\u00a0\u00bboff\u00a0\u00bb da_dark_close=\u00a0\u00bboff\u00a0\u00bb da_not_modal=\u00a0\u00bbon\u00a0\u00bb da_is_singular=\u00a0\u00bboff\u00a0\u00bb da_with_loader=\u00a0\u00bboff\u00a0\u00bb da_has_shadow=\u00a0\u00bbon\u00a0\u00bb][et_pb_row column_structure=\u00a0\u00bb1_2,1_2&Prime; _builder_version=\u00a0\u00bb4.21.0&Prime; width=\u00a0\u00bb90%\u00a0\u00bb custom_margin=\u00a0\u00bb|||\u00a0\u00bb custom_padding=\u00a0\u00bb37px|0px|9px|0px|false|false\u00a0\u00bb global_colors_info=\u00a0\u00bb{}\u00a0\u00bb][et_pb_column type=\u00a0\u00bb1_2&Prime; _builder_version=\u00a0\u00bb4.16&Prime; custom_padding=\u00a0\u00bb|||\u00a0\u00bb global_colors_info=\u00a0\u00bb{}\u00a0\u00bb custom_padding__hover=\u00a0\u00bb|||\u00a0\u00bb][et_pb_image src=\u00a0\u00bbhttps:\/\/enureflex.ca\/fr\/wp-content\/uploads\/2024\/01\/communique1000.png\u00a0\u00bb alt=\u00a0\u00bburine-alert pour toutes les g\u00e9n\u00e9rations\u00a0\u00bb title_text=\u00a0\u00bbcommunique1000&Prime; show_bottom_space=\u00a0\u00bboff\u00a0\u00bb align_tablet=\u00a0\u00bbcenter\u00a0\u00bb align_phone=\u00a0\u00bb\u00a0\u00bb align_last_edited=\u00a0\u00bbon|phone\u00a0\u00bb admin_label=\u00a0\u00bbMedallon urine-alerte \u00a0\u00bb _builder_version=\u00a0\u00bb4.23.4&Prime; custom_margin=\u00a0\u00bb0px||0px||false|false\u00a0\u00bb custom_padding=\u00a0\u00bb0px||0px||false|false\u00a0\u00bb border_color_all=\u00a0\u00bb#E09900&Prime; global_colors_info=\u00a0\u00bb{}\u00a0\u00bb][\/et_pb_image][\/et_pb_column][et_pb_column type=\u00a0\u00bb1_2&Prime; _builder_version=\u00a0\u00bb4.21.0&Prime; background_color=\u00a0\u00bbrgba(255,255,255,0.55)\u00a0\u00bb custom_padding=\u00a0\u00bb|||\u00a0\u00bb global_colors_info=\u00a0\u00bb{}\u00a0\u00bb custom_padding__hover=\u00a0\u00bb|||\u00a0\u00bb][et_pb_text _builder_version=\u00a0\u00bb4.23.4&Prime; _module_preset=\u00a0\u00bbdefault\u00a0\u00bb header_font=\u00a0\u00bb|700|||||||\u00a0\u00bb header_text_align=\u00a0\u00bbcenter\u00a0\u00bb header_font_size=\u00a0\u00bb50px\u00a0\u00bb header_line_height=\u00a0\u00bb1.6em\u00a0\u00bb header_2_font=\u00a0\u00bb|600|||||||\u00a0\u00bb link_option_url_new_window=\u00a0\u00bbon\u00a0\u00bb header_font_size_tablet=\u00a0\u00bb50px\u00a0\u00bb header_font_size_phone=\u00a0\u00bb34px\u00a0\u00bb header_font_size_last_edited=\u00a0\u00bbon|phone\u00a0\u00bb global_colors_info=\u00a0\u00bb{}\u00a0\u00bb]<\/p>\n<h1>Communiqu\u00e9s<\/h1>\n<p>[\/et_pb_text][et_pb_divider _builder_version=\u00a0\u00bb4.21.0&Prime; _module_preset=\u00a0\u00bbdefault\u00a0\u00bb max_width=\u00a0\u00bb70%\u00a0\u00bb module_alignment=\u00a0\u00bbcenter\u00a0\u00bb custom_margin=\u00a0\u00bb17px||4px|||\u00a0\u00bb global_colors_info=\u00a0\u00bb{}\u00a0\u00bb][\/et_pb_divider][et_pb_image src=\u00a0\u00bbhttps:\/\/enureflex.ca\/fr\/wp-content\/uploads\/2019\/05\/bouton_enureflex_180.png\u00a0\u00bb title_text=\u00a0\u00bbbouton_enureflex_180&Prime; align=\u00a0\u00bbcenter\u00a0\u00bb _builder_version=\u00a0\u00bb4.22.1&Prime; _module_preset=\u00a0\u00bbdefault\u00a0\u00bb width=\u00a0\u00bb30%\u00a0\u00bb width_tablet=\u00a0\u00bb24%\u00a0\u00bb width_phone=\u00a0\u00bb34%\u00a0\u00bb width_last_edited=\u00a0\u00bbon|phone\u00a0\u00bb custom_margin=\u00a0\u00bb||6px|||\u00a0\u00bb global_colors_info=\u00a0\u00bb{}\u00a0\u00bb][\/et_pb_image][et_pb_text _builder_version=\u00a0\u00bb4.23.4&Prime; _module_preset=\u00a0\u00bbdefault\u00a0\u00bb text_font=\u00a0\u00bb|600|||||||\u00a0\u00bb text_text_color=\u00a0\u00bb#000000&Prime; text_font_size=\u00a0\u00bb23px\u00a0\u00bb text_line_height=\u00a0\u00bb1.5em\u00a0\u00bb header_2_font=\u00a0\u00bb|600|||||||\u00a0\u00bb text_orientation=\u00a0\u00bbcenter\u00a0\u00bb min_height=\u00a0\u00bb110px\u00a0\u00bb custom_margin=\u00a0\u00bb||41px||false|false\u00a0\u00bb custom_padding=\u00a0\u00bb||1px|||\u00a0\u00bb link_option_url_new_window=\u00a0\u00bbon\u00a0\u00bb text_font_size_tablet=\u00a0\u00bb22px\u00a0\u00bb text_font_size_phone=\u00a0\u00bb16px\u00a0\u00bb text_font_size_last_edited=\u00a0\u00bbon|phone\u00a0\u00bb global_colors_info=\u00a0\u00bb{}\u00a0\u00bb]<\/p>\n<p>Vous trouverez ici les diff\u00e9rents communiqu\u00e9s \u00e9mis par Clinique Enureflex.<\/p>\n<p>[\/et_pb_text][\/et_pb_column][\/et_pb_row][\/et_pb_section][et_pb_section fb_built=\u00a0\u00bb1&Prime; custom_padding_last_edited=\u00a0\u00bbon|phone\u00a0\u00bb disabled_on=\u00a0\u00bboff|off|off\u00a0\u00bb admin_label=\u00a0\u00bbSection\u00a0\u00bb module_id=\u00a0\u00bbevolution\u00a0\u00bb _builder_version=\u00a0\u00bb4.22.1&Prime; _module_preset=\u00a0\u00bbdefault\u00a0\u00bb max_width_tablet=\u00a0\u00bb\u00a0\u00bb max_width_phone=\u00a0\u00bb100%\u00a0\u00bb max_width_last_edited=\u00a0\u00bbon|phone\u00a0\u00bb module_alignment=\u00a0\u00bbcenter\u00a0\u00bb custom_margin=\u00a0\u00bb||||false|false\u00a0\u00bb custom_margin_tablet=\u00a0\u00bb30px||||false|false\u00a0\u00bb custom_margin_phone=\u00a0\u00bb30px||||false|false\u00a0\u00bb custom_margin_last_edited=\u00a0\u00bbon|tablet\u00a0\u00bb custom_padding=\u00a0\u00bb103px|0px|30px|0px|false|false\u00a0\u00bb custom_padding_tablet=\u00a0\u00bb110px||||false|false\u00a0\u00bb custom_padding_phone=\u00a0\u00bb60px||||false|false\u00a0\u00bb top_divider_style=\u00a0\u00bbarrow2&Prime; top_divider_color=\u00a0\u00bbrgba(86,146,193,0.2)\u00a0\u00bb top_divider_height=\u00a0\u00bb80px\u00a0\u00bb top_divider_style_tablet=\u00a0\u00bbarrow2&Prime; top_divider_style_phone=\u00a0\u00bbarrow2&Prime; top_divider_style_last_edited=\u00a0\u00bbon|phone\u00a0\u00bb top_divider_height_tablet=\u00a0\u00bb60px\u00a0\u00bb top_divider_height_phone=\u00a0\u00bb40px\u00a0\u00bb top_divider_height_last_edited=\u00a0\u00bbon|phone\u00a0\u00bb da_popup_slug=\u00a0\u00bbevolution\u00a0\u00bb da_disable_devices=\u00a0\u00bboff|off|off\u00a0\u00bb locked=\u00a0\u00bboff\u00a0\u00bb global_colors_info=\u00a0\u00bb{}\u00a0\u00bb da_is_popup=\u00a0\u00bboff\u00a0\u00bb da_exit_intent=\u00a0\u00bboff\u00a0\u00bb da_has_close=\u00a0\u00bbon\u00a0\u00bb da_alt_close=\u00a0\u00bboff\u00a0\u00bb da_dark_close=\u00a0\u00bboff\u00a0\u00bb da_not_modal=\u00a0\u00bbon\u00a0\u00bb da_is_singular=\u00a0\u00bboff\u00a0\u00bb da_with_loader=\u00a0\u00bboff\u00a0\u00bb da_has_shadow=\u00a0\u00bbon\u00a0\u00bb][et_pb_row _builder_version=\u00a0\u00bb4.23.4&Prime; _module_preset=\u00a0\u00bbdefault\u00a0\u00bb global_colors_info=\u00a0\u00bb{}\u00a0\u00bb][et_pb_column type=\u00a0\u00bb4_4&Prime; _builder_version=\u00a0\u00bb4.23.4&Prime; _module_preset=\u00a0\u00bbdefault\u00a0\u00bb global_colors_info=\u00a0\u00bb{}\u00a0\u00bb][et_pb_text _builder_version=\u00a0\u00bb4.23.4&Prime; _module_preset=\u00a0\u00bbdefault\u00a0\u00bb text_font=\u00a0\u00bb||||||||\u00a0\u00bb text_font_size=\u00a0\u00bb20px\u00a0\u00bb text_line_height=\u00a0\u00bb1.4em\u00a0\u00bb ul_line_height=\u00a0\u00bb1.5em\u00a0\u00bb max_width=\u00a0\u00bb60%\u00a0\u00bb max_width_tablet=\u00a0\u00bb100%\u00a0\u00bb max_width_phone=\u00a0\u00bb100%\u00a0\u00bb max_width_last_edited=\u00a0\u00bbon|desktop\u00a0\u00bb module_alignment=\u00a0\u00bbcenter\u00a0\u00bb global_colors_info=\u00a0\u00bb{}\u00a0\u00bb]<\/p>\n<p>Clinique Enureflex offre des services de traitement de l&rsquo;\u00e9nur\u00e9sie depuis maintenant 20 ans.\u00a0 Aujourd&rsquo;hui, nous traitons avec succ\u00e8s plus de 1000 enfants chaque ann\u00e9e.\u00a0 \u00a0<\/p>\n<ul>\n<li>Nous sommes le fabricant d&rsquo;alarmes contre l&rsquo;\u00e9nur\u00e9sie num\u00e9ro 1 au Qu\u00e9bec et au Canada.<\/li>\n<\/ul>\n<ul>\n<li>Nos services de traitement sont prescrits par plusieurs p\u00e9diatres et m\u00e9decins de famille partout au pays.<\/li>\n<\/ul>\n<ul>\n<li>Nos appareils se retrouvent dans plusieurs <a href=\"https:\/\/enureflex.ca\/fr\/centres-services-pharmacies\/\">pharmacies et centres orthop\u00e9diques<\/a> au Qu\u00e9bec, en Ontario ainsi qu&rsquo;en Alberta.<\/li>\n<\/ul>\n<ul>\n<li>La location et l&rsquo;achat d&rsquo;appareils sont \u00e9galement couverts par toutes les compagnies d&rsquo;assurances qui couvrent ce type de service.<\/li>\n<\/ul>\n<p>Depuis plusieurs ann\u00e9es, Enureflex est victime de d\u00e9nigrement, de salissage et de d\u00e9sinformation de la part d&rsquo;un comp\u00e9titeur.<\/p>\n<p>Derni\u00e8rement, ces affirmations mensong\u00e8res et cette d\u00e9sinformation sur l&rsquo;efficacit\u00e9 de nos produits et services se sont accentu\u00e9es.\u00a0 Ce dernier semble croire que la peur, la d\u00e9sinformation et le doute sont ses meilleurs atouts.<\/p>\n<p>Nous croyons qu&rsquo;il est irresponsable et m\u00eame malveillant de d\u00e9sinformer et de cr\u00e9er ainsi la confusion aupr\u00e8s d&rsquo;une client\u00e8le (parents et enfants) qui cherche une solution \u00e0 leur probl\u00e9matique d&rsquo;\u00e9nur\u00e9sie.\u00a0 Tous ont droit d&rsquo;obtenir des\u00a0 informations juste et pertinentes afin de prendre la meilleure d\u00e9cision pour le mieux-\u00eatre de leur enfant.<\/p>\n<p>Malgr\u00e9 ces attaques, Enureflex \u00e9volue, et nos produits \u00e9galement.\u00a0 Nous d\u00e9veloppons et nous \u00e9valuons constamment nos produits et nos m\u00e9thodes afin d&rsquo;en am\u00e9liorer, si possible, l&rsquo;efficacit\u00e9, la facilit\u00e9 d&rsquo;utilisation et le confort pour le mieux-\u00eatre des enfants et de leurs familles.<\/p>\n<p>Cette \u00e9volution nous permet aujourd&rsquo;hui d&rsquo;offrir un produit sup\u00e9rieur de haute qualit\u00e9 incluant diff\u00e9rents mode de d\u00e9tection de l&rsquo;urine, permettant ainsi de s&rsquo;adapter aux besoin de l&rsquo;enfant et de sa famille.<\/p>\n<p>De plus, nous pouvons dor\u00e9navant offrir un support aux personnes \u00e2g\u00e9es souffrant d&rsquo;incontinence nocturne ainsi qu&rsquo;\u00e0 leurs proches aidants le cas \u00e9ch\u00e9ant.<\/p>\n<p>Soyez assur\u00e9s de l&rsquo;efficacit\u00e9 de nos produits et services. Si vous avez des questions, nous vous invitons \u00e0 nous contacter afin d&rsquo;obtenir l&rsquo;information juste et de v\u00e9ritables r\u00e9ponses.<\/p>\n<p>Merci de votre soutien !<\/p>\n<p>L&rsquo;\u00e9quipe Enureflex<\/p>\n<p>1-866-562-7007<\/p>\n<p>&nbsp;<\/p>\n<p>[\/et_pb_text][\/et_pb_column][\/et_pb_row][\/et_pb_section]<\/p>\n","protected":false},"excerpt":{"rendered":"<p>Communiqu\u00e9sVous trouverez ici les diff\u00e9rents communiqu\u00e9s \u00e9mis par Clinique Enureflex.Clinique Enureflex offre des services de traitement de l&rsquo;\u00e9nur\u00e9sie depuis maintenant 20 ans.\u00a0 Aujourd&rsquo;hui, nous traitons avec succ\u00e8s plus de 1000 enfants chaque ann\u00e9e.\u00a0 \u00a0 Nous sommes le fabricant d&rsquo;alarmes contre l&rsquo;\u00e9nur\u00e9sie num\u00e9ro 1 au Qu\u00e9bec et au Canada. Nos services de traitement sont prescrits par [&hellip;]<\/p>\n","protected":false},"author":10,"featured_media":0,"parent":0,"menu_order":0,"comment_status":"closed","ping_status":"closed","template":"","meta":{"_et_pb_use_builder":"on","_et_pb_old_content":"","_et_gb_content_width":"","footnotes":""},"class_list":["post-19303","page","type-page","status-publish","hentry"],"_links":{"self":[{"href":"https:\/\/enureflex.ca\/fr\/wp-json\/wp\/v2\/pages\/19303","targetHints":{"allow":["GET"]}}],"collection":[{"href":"https:\/\/enureflex.ca\/fr\/wp-json\/wp\/v2\/pages"}],"about":[{"href":"https:\/\/enureflex.ca\/fr\/wp-json\/wp\/v2\/types\/page"}],"author":[{"embeddable":true,"href":"https:\/\/enureflex.ca\/fr\/wp-json\/wp\/v2\/users\/10"}],"replies":[{"embeddable":true,"href":"https:\/\/enureflex.ca\/fr\/wp-json\/wp\/v2\/comments?post=19303"}],"version-history":[{"count":3,"href":"https:\/\/enureflex.ca\/fr\/wp-json\/wp\/v2\/pages\/19303\/revisions"}],"predecessor-version":[{"id":19409,"href":"https:\/\/enureflex.ca\/fr\/wp-json\/wp\/v2\/pages\/19303\/revisions\/19409"}],"wp:attachment":[{"href":"https:\/\/enureflex.ca\/fr\/wp-json\/wp\/v2\/media?parent=19303"}],"curies":[{"name":"wp","href":"https:\/\/api.w.org\/{rel}","templated":true}]}}