{"id":13107,"date":"2019-06-05T13:17:21","date_gmt":"2019-06-05T18:17:21","guid":{"rendered":"https:\/\/enureflex.ca\/fr\/?page_id=13107"},"modified":"2023-06-25T13:01:10","modified_gmt":"2023-06-25T17:01:10","slug":"distribution","status":"publish","type":"page","link":"https:\/\/enureflex.ca\/fr\/distribution\/","title":{"rendered":"Distribution"},"content":{"rendered":"<p>[et_pb_section fb_built=\u00a0\u00bb1&Prime; _builder_version=\u00a0\u00bb4.16&Prime; custom_padding=\u00a0\u00bb||5px|||\u00a0\u00bb da_disable_devices=\u00a0\u00bboff|off|off\u00a0\u00bb global_colors_info=\u00a0\u00bb{}\u00a0\u00bb da_is_popup=\u00a0\u00bboff\u00a0\u00bb da_exit_intent=\u00a0\u00bboff\u00a0\u00bb da_has_close=\u00a0\u00bbon\u00a0\u00bb da_alt_close=\u00a0\u00bboff\u00a0\u00bb da_dark_close=\u00a0\u00bboff\u00a0\u00bb da_not_modal=\u00a0\u00bbon\u00a0\u00bb da_is_singular=\u00a0\u00bboff\u00a0\u00bb da_with_loader=\u00a0\u00bboff\u00a0\u00bb da_has_shadow=\u00a0\u00bbon\u00a0\u00bb][et_pb_row _builder_version=\u00a0\u00bb4.16&Prime; custom_padding=\u00a0\u00bb||2px|||\u00a0\u00bb global_colors_info=\u00a0\u00bb{}\u00a0\u00bb][et_pb_column type=\u00a0\u00bb4_4&Prime; _builder_version=\u00a0\u00bb4.16&Prime; custom_padding=\u00a0\u00bb|||\u00a0\u00bb global_colors_info=\u00a0\u00bb{}\u00a0\u00bb custom_padding__hover=\u00a0\u00bb|||\u00a0\u00bb][et_pb_text _builder_version=\u00a0\u00bb4.16&Prime; text_font=\u00a0\u00bb||||||||\u00a0\u00bb text_font_size=\u00a0\u00bb22px\u00a0\u00bb header_font=\u00a0\u00bb||||||||\u00a0\u00bb header_2_font=\u00a0\u00bb|700|||||||\u00a0\u00bb header_2_text_align=\u00a0\u00bbcenter\u00a0\u00bb text_orientation=\u00a0\u00bbcenter\u00a0\u00bb global_colors_info=\u00a0\u00bb{}\u00a0\u00bb]<\/p>\n<h2>Cette section est r\u00e9serv\u00e9 aux Pharmacies et Distributeurs.<\/h2>\n<p>1-866-562-7007[\/et_pb_text][et_pb_divider _builder_version=\u00a0\u00bb4.16&Prime; global_colors_info=\u00a0\u00bb{}\u00a0\u00bb][\/et_pb_divider][\/et_pb_column][\/et_pb_row][\/et_pb_section][et_pb_section fb_built=\u00a0\u00bb1&Prime; _builder_version=\u00a0\u00bb4.16&Prime; custom_padding=\u00a0\u00bb16px|||||\u00a0\u00bb da_disable_devices=\u00a0\u00bboff|off|off\u00a0\u00bb global_colors_info=\u00a0\u00bb{}\u00a0\u00bb da_is_popup=\u00a0\u00bboff\u00a0\u00bb da_exit_intent=\u00a0\u00bboff\u00a0\u00bb da_has_close=\u00a0\u00bbon\u00a0\u00bb da_alt_close=\u00a0\u00bboff\u00a0\u00bb da_dark_close=\u00a0\u00bboff\u00a0\u00bb da_not_modal=\u00a0\u00bbon\u00a0\u00bb da_is_singular=\u00a0\u00bboff\u00a0\u00bb da_with_loader=\u00a0\u00bboff\u00a0\u00bb da_has_shadow=\u00a0\u00bbon\u00a0\u00bb][et_pb_row _builder_version=\u00a0\u00bb4.16&Prime; background_size=\u00a0\u00bbinitial\u00a0\u00bb background_position=\u00a0\u00bbtop_left\u00a0\u00bb background_repeat=\u00a0\u00bbrepeat\u00a0\u00bb custom_padding=\u00a0\u00bb15px|||||\u00a0\u00bb global_colors_info=\u00a0\u00bb{}\u00a0\u00bb][et_pb_column type=\u00a0\u00bb4_4&Prime; _builder_version=\u00a0\u00bb4.16&Prime; custom_padding=\u00a0\u00bb|||\u00a0\u00bb global_colors_info=\u00a0\u00bb{}\u00a0\u00bb custom_padding__hover=\u00a0\u00bb|||\u00a0\u00bb][et_pb_text _builder_version=\u00a0\u00bb4.21.0&Prime; text_font=\u00a0\u00bb||||||||\u00a0\u00bb header_font=\u00a0\u00bb||||||||\u00a0\u00bb header_2_font=\u00a0\u00bb|600|||||||\u00a0\u00bb header_2_text_align=\u00a0\u00bbcenter\u00a0\u00bb header_2_font_size=\u00a0\u00bb32px\u00a0\u00bb header_2_line_height=\u00a0\u00bb1.6em\u00a0\u00bb text_orientation=\u00a0\u00bbcenter\u00a0\u00bb custom_margin=\u00a0\u00bb3px|||||\u00a0\u00bb custom_padding=\u00a0\u00bb||12px|||\u00a0\u00bb hover_enabled=\u00a0\u00bb0&Prime; border_color_all=\u00a0\u00bb#e09900&Prime; global_colors_info=\u00a0\u00bb{}\u00a0\u00bb sticky_enabled=\u00a0\u00bb0&Prime;]<\/p>\n<h3>Choix de Location ou Achat<\/h3>\n<p>[\/et_pb_text][et_pb_toggle title=\u00a0\u00bbLOCATION:  109$ (base)  + 20$\/semaine\u00a0\u00bb _builder_version=\u00a0\u00bb4.21.0&Prime; title_font=\u00a0\u00bb|700|||||||\u00a0\u00bb title_font_size=\u00a0\u00bb20px\u00a0\u00bb global_colors_info=\u00a0\u00bb{}\u00a0\u00bb]<\/p>\n<h3>Syst\u00e8me Urine-Alert<\/h3>\n<p><strong>Frais de base $109\u00a0 +\u00a0 $20\/semaine (NON Taxable)<\/strong><\/p>\n<p>LOCATION (avec 2 option d\u2019achat)<\/p>\n<p>POSTE et LIVRAISON GRATUITE (aller et retour)<img loading=\"lazy\" decoding=\"async\" src=\"https:\/\/enureflex.ca\/fr\/wp-content\/uploads\/2019\/06\/cpc-main-logo.jpg\" width=\"160\" height=\"40\" alt=\"\" class=\"wp-image-13171 alignleft size-full\" \/><\/p>\n<p>* Le frais de base de $109.00 (- d\u00e9p\u00f4t) sera pr\u00e9l\u00e9v\u00e9 par le distributeur lors de la remise au client<br \/>* Le frais hebdomadaire de $20.00 sera pr\u00e9lev\u00e9 \u00e0 la fin de chaque semaine de location par Enureflex.<br \/>* Un re\u00e7u sera \u00e9mis au client pour fins d\u2019imp\u00f4ts ou remboursement aupr\u00e8s de son assureur, s\u2019il y a lieu.<strong><\/strong><\/p>\n<p><strong>VOUS OBTENEZ<\/strong><\/p>\n<p><strong>Un syst\u00e8meUrine-Alerte complet comprenant:<\/strong><\/p>\n<ul>\n<li>Un r\u00e9cepteur (unit\u00e9 principale)<\/li>\n<li>Un \u00e9metteur sans fil ergonomique.<\/li>\n<li>4 bandes de d\u00e9tection en flanelle lavables et confortables.<\/li>\n<li>Un vibreur puissant \u00e0 placer sous le matelas.<\/li>\n<li>Un adaptateur 12V.<\/li>\n<li>Frais de poste inclus (Aller et Retour). Une \u00e9tiquette de Retour postal pr\u00e9-adress\u00e9e incluse pour le retour du syst\u00e8me.<\/li>\n<\/ul>\n<p><strong>PLUS (+)<\/strong><br \/>Un suivi et support \u00e0 l&rsquo;utilisation avec un conseiller Enureflex.<\/p>\n<p><strong>PLUS (+)\u00a0 2 Options d\u2019achat<\/strong><\/p>\n<p><strong>Option d\u2019achat 1<\/strong>:\u00a0 \u00a0Le client peut transformer sa location en achat dans les 8 premi\u00e8res semaines de location. Les montants pay\u00e9s en cours de location seront appliqu\u00e9s sur l\u2019achat et il ne paiera que la diff\u00e9rence.<\/p>\n<p><strong>Option d\u2019achat 2:<\/strong>\u00a0 \u00a0Apr\u00e8s un maximum de 20 semaines de location pay\u00e9es, le syst\u00e8me appartient au client automatiquement.<\/p>\n<p>[\/et_pb_toggle][et_pb_toggle title=\u00a0\u00bbACHAT: 449$ \u00a0\u00bb _builder_version=\u00a0\u00bb4.16&Prime; title_font=\u00a0\u00bb|700|||||||\u00a0\u00bb title_font_size=\u00a0\u00bb20px\u00a0\u00bb global_colors_info=\u00a0\u00bb{}\u00a0\u00bb]<\/p>\n<h3>Syst\u00e8me Urine-Alert<\/h3>\n<p>ACHAT: $449.00 (NON Taxable)<\/p>\n<p>POSTE et LIVRAISON GRATUITE<\/p>\n<p><img loading=\"lazy\" decoding=\"async\" src=\"https:\/\/enureflex.ca\/fr\/wp-content\/uploads\/2019\/06\/cpc-main-logo.jpg\" width=\"160\" height=\"40\" alt=\"\" class=\"wp-image-13171 alignleft size-full\" \/><\/p>\n<p>&nbsp;<\/p>\n<p>Un re\u00e7u sera \u00e9mis au client pour fins d\u2019imp\u00f4ts ou pour remboursement aupr\u00e8s de son assureur, s\u2019il y a lieu.<\/p>\n<p><strong>VOUS OBTENEZ<\/strong><\/p>\n<p><strong>Un syst\u00e8me Urine-Alert complet comprenant:<\/strong><\/p>\n<ul>\n<li>Un r\u00e9cepteur (unit\u00e9 principale)<\/li>\n<li>Un \u00c9metteur sans fil ergonomique.<\/li>\n<li>4 bandes de d\u00e9tection en flanelle lavables et confortables.<\/li>\n<li>Un vibreur puissant \u00e0 placer sous le matelas.<\/li>\n<li>Un adaptateur 12V.<\/li>\n<li>Livret d\u2019instructions.<\/li>\n<li>Frais de poste inclus.<\/li>\n<li>Une garantie compl\u00e8te de 1 an sur l\u2019\u00e9lectronique. Pi\u00e8ces et main d\u2019oeuvre inclus. Seule les bandes de d\u00e9tection ont une garantie limit\u00e9e de 90 jours.<\/li>\n<\/ul>\n<p><strong>PLUS (+)<\/strong><br \/>Un suivi et support \u00e0 l&rsquo;utilisation avec un conseiller Enureflex.<\/p>\n<p>[\/et_pb_toggle][et_pb_toggle title=\u00a0\u00bbEscompte distributeur\u00a0\u00bb _builder_version=\u00a0\u00bb4.16&Prime; title_font=\u00a0\u00bb|700|||||||\u00a0\u00bb title_font_size=\u00a0\u00bb20px\u00a0\u00bb global_colors_info=\u00a0\u00bb{}\u00a0\u00bb]<\/p>\n<p>Une facture vous sera \u00e9mis, en tenant en compte l&rsquo;escompte pr\u00e9vue aux distributeurs.<\/p>\n<p>Au besoin contacter l&rsquo;administration Enureflex.\u00a0 1-866-562-7007<\/p>\n<p>[\/et_pb_toggle][et_pb_divider _builder_version=\u00a0\u00bb4.16&Prime; global_colors_info=\u00a0\u00bb{}\u00a0\u00bb][\/et_pb_divider][\/et_pb_column][\/et_pb_row][\/et_pb_section]<\/p>\n","protected":false},"excerpt":{"rendered":"<p>Cette section est r\u00e9serv\u00e9 aux Pharmacies et Distributeurs. 1-866-562-7007Choix de Location ou AchatSyst\u00e8me Urine-Alert Frais de base $109\u00a0 +\u00a0 $20\/semaine (NON Taxable) LOCATION (avec 2 option d\u2019achat) POSTE et LIVRAISON GRATUITE (aller et retour) * Le frais de base de $109.00 (- d\u00e9p\u00f4t) sera pr\u00e9l\u00e9v\u00e9 par le distributeur lors de la remise au client* Le [&hellip;]<\/p>\n","protected":false},"author":10,"featured_media":0,"parent":0,"menu_order":0,"comment_status":"closed","ping_status":"closed","template":"","meta":{"_et_pb_use_builder":"on","_et_pb_old_content":"[contact-form-7 id=\"13106\" title=\"Commande Distributeur (fr-ca)\"]","_et_gb_content_width":"","footnotes":""},"class_list":["post-13107","page","type-page","status-publish","hentry"],"_links":{"self":[{"href":"https:\/\/enureflex.ca\/fr\/wp-json\/wp\/v2\/pages\/13107","targetHints":{"allow":["GET"]}}],"collection":[{"href":"https:\/\/enureflex.ca\/fr\/wp-json\/wp\/v2\/pages"}],"about":[{"href":"https:\/\/enureflex.ca\/fr\/wp-json\/wp\/v2\/types\/page"}],"author":[{"embeddable":true,"href":"https:\/\/enureflex.ca\/fr\/wp-json\/wp\/v2\/users\/10"}],"replies":[{"embeddable":true,"href":"https:\/\/enureflex.ca\/fr\/wp-json\/wp\/v2\/comments?post=13107"}],"version-history":[{"count":3,"href":"https:\/\/enureflex.ca\/fr\/wp-json\/wp\/v2\/pages\/13107\/revisions"}],"predecessor-version":[{"id":17156,"href":"https:\/\/enureflex.ca\/fr\/wp-json\/wp\/v2\/pages\/13107\/revisions\/17156"}],"wp:attachment":[{"href":"https:\/\/enureflex.ca\/fr\/wp-json\/wp\/v2\/media?parent=13107"}],"curies":[{"name":"wp","href":"https:\/\/api.w.org\/{rel}","templated":true}]}}